{"id":1174,"date":"2020-03-13T09:20:39","date_gmt":"2020-03-13T07:20:39","guid":{"rendered":"https:\/\/artexgroup.org\/strona-kontaktowa\/"},"modified":"2024-03-12T23:38:58","modified_gmt":"2024-03-12T21:38:58","slug":"strona-kontaktowa","status":"publish","type":"page","link":"https:\/\/artexgroup.org\/pl\/strona-kontaktowa\/","title":{"rendered":"Strona kontaktowa"},"content":{"rendered":"<div class=\"wpb-content-wrapper\"><p>[vc_row css=&#8221;.vc_custom_1708785241064{margin-top: -75px !important;margin-bottom: 0px !important;border-top-width: 0px !important;border-bottom-width: 0px !important;padding-top: 0px !important;padding-bottom: 0px !important;}&#8221;][vc_column][vc_single_image image=&#8221;1053&#8243; img_size=&#8221;full&#8221; alignment=&#8221;center&#8221; css_animation=&#8221;fadeIn&#8221; css=&#8221;.vc_custom_1708785300221{margin-top: 75px !important;margin-bottom: 0px !important;border-top-width: 0px !important;border-bottom-width: 0px !important;padding-top: 0px !important;padding-bottom: 0px !important;}&#8221;][\/vc_column][\/vc_row][vc_row motts_theme_padding=&#8221;no&#8221; use_container=&#8221;yes&#8221; css=&#8221;.vc_custom_1708785014589{margin-top: 0px !important;border-top-width: 0px !important;padding-top: 0px !important;}&#8221;][vc_column][vc_row_inner][vc_column_inner width=&#8221;1\/2&#8243;][ts_contact_block]<\/p>\n<div id=\"ez-toc-container\" class=\"ez-toc-v2_0_82_2 counter-hierarchy ez-toc-counter ez-toc-grey ez-toc-container-direction\">\n<div class=\"ez-toc-title-container\">\n<p class=\"ez-toc-title ez-toc-toggle\" style=\"cursor:pointer\">Tre\u015b\u0107<\/p>\n<span class=\"ez-toc-title-toggle\"><a href=\"#\" class=\"ez-toc-pull-right ez-toc-btn ez-toc-btn-xs ez-toc-btn-default ez-toc-toggle\" aria-label=\"Prze\u0142\u0105cznik Spisu Tre\u015bci\"><span class=\"ez-toc-js-icon-con\"><span class=\"\"><span class=\"eztoc-hide\" style=\"display:none;\">Toggle<\/span><span class=\"ez-toc-icon-toggle-span\"><svg style=\"fill: #999;color:#999\" xmlns=\"http:\/\/www.w3.org\/2000\/svg\" class=\"list-377408\" width=\"20px\" height=\"20px\" viewBox=\"0 0 24 24\" fill=\"none\"><path d=\"M6 6H4v2h2V6zm14 0H8v2h12V6zM4 11h2v2H4v-2zm16 0H8v2h12v-2zM4 16h2v2H4v-2zm16 0H8v2h12v-2z\" fill=\"currentColor\"><\/path><\/svg><svg style=\"fill: #999;color:#999\" class=\"arrow-unsorted-368013\" xmlns=\"http:\/\/www.w3.org\/2000\/svg\" width=\"10px\" height=\"10px\" viewBox=\"0 0 24 24\" version=\"1.2\" baseProfile=\"tiny\"><path d=\"M18.2 9.3l-6.2-6.3-6.2 6.3c-.2.2-.3.4-.3.7s.1.5.3.7c.2.2.4.3.7.3h11c.3 0 .5-.1.7-.3.2-.2.3-.5.3-.7s-.1-.5-.3-.7zM5.8 14.7l6.2 6.3 6.2-6.3c.2-.2.3-.5.3-.7s-.1-.5-.3-.7c-.2-.2-.4-.3-.7-.3h-11c-.3 0-.5.1-.7.3-.2.2-.3.5-.3.7s.1.5.3.7z\"\/><\/svg><\/span><\/span><\/span><\/a><\/span><\/div>\n<nav><ul class='ez-toc-list ez-toc-list-level-1 ' ><li class='ez-toc-page-1 ez-toc-heading-level-5'><a class=\"ez-toc-link ez-toc-heading-1\" href=\"https:\/\/artexgroup.org\/pl\/strona-kontaktowa\/#TERAZ_PRACUJEMY_W_PELNI_ONLINE\" >TERAZ PRACUJEMY W PE\u0141NI ONLINE<\/a><\/li><li class='ez-toc-page-1 ez-toc-heading-level-5'><a class=\"ez-toc-link ez-toc-heading-2\" href=\"https:\/\/artexgroup.org\/pl\/strona-kontaktowa\/#PISZCIE_NA_VIDER_LUB_TELEGRAM\" >PISZCIE NA VIDER LUB TELEGRAM<\/a><\/li><li class='ez-toc-page-1 ez-toc-heading-level-5'><a class=\"ez-toc-link ez-toc-heading-3\" href=\"https:\/\/artexgroup.org\/pl\/strona-kontaktowa\/#PISZCIE_NA_MAILA\" >PISZCIE NA MAILA<\/a><\/li><li class='ez-toc-page-1 ez-toc-heading-level-5'><a class=\"ez-toc-link ez-toc-heading-4\" href=\"https:\/\/artexgroup.org\/pl\/strona-kontaktowa\/#%D0%9A%D0%9E%D0%9D%D0%A2%D0%90%D0%9A%D0%A2%D0%9D%D0%90_%D0%A4%D0%9E%D0%A0%D0%9C%D0%90\" >\u041a\u041e\u041d\u0422\u0410\u041a\u0422\u041d\u0410 \u0424\u041e\u0420\u041c\u0410<\/a><\/li><\/ul><\/nav><\/div>\n<h5><span class=\"ez-toc-section\" id=\"TERAZ_PRACUJEMY_W_PELNI_ONLINE\"><\/span>TERAZ PRACUJEMY W PE\u0141NI ONLINE<span class=\"ez-toc-section-end\"><\/span><\/h5>\n<address>Creative company ARTEX group<br \/>\nPoltawa, Ukraina 36000<\/address>\n<address>Radom, Polska, 26-600<\/address>\n<p>[\/ts_contact_block][\/vc_column_inner][vc_column_inner width=&#8221;1\/2&#8243;][ts_contact_block]<\/p>\n<h5><span class=\"ez-toc-section\" id=\"PISZCIE_NA_VIDER_LUB_TELEGRAM\"><\/span>PISZCIE NA VIDER LUB TELEGRAM<span class=\"ez-toc-section-end\"><\/span><\/h5>\n<address>tel: <strong>+380 99 37 124 37<\/strong> <a href=\"https:\/\/t.me\/extremeweb?start=write_message\" target=\"_blank\" rel=\"noopener\">Napisz na TELEGRAM <\/a> <\/address>\n<p>[\/ts_contact_block][\/vc_column_inner][\/vc_row_inner][vc_row_inner css=&#8221;.vc_custom_1584096043463{margin-bottom: 50px !important;}&#8221;][vc_column_inner][ts_contact_block]<\/p>\n<h5><span class=\"ez-toc-section\" id=\"PISZCIE_NA_MAILA\"><\/span>PISZCIE NA MAILA<span class=\"ez-toc-section-end\"><\/span><\/h5>\n<address>Chcecie mie\u0107 profesjonalny projekt? Porozmawiajmy o tym!<br \/>\n<a href=\"mailto:office@artexgroup.com.ua\">office@artexgroup.com.ua<\/a><\/address>\n<p>[\/ts_contact_block][\/vc_column_inner][\/vc_row_inner][vc_row_inner][vc_column_inner offset=&#8221;vc_col-md-7&#8243;]\n<div class=\"wpcf7 no-js\" id=\"wpcf7-f44-o1\" lang=\"en-US\" dir=\"ltr\" data-wpcf7-id=\"44\">\n<div class=\"screen-reader-response\"><p role=\"status\" aria-live=\"polite\" aria-atomic=\"true\"><\/p> <ul><\/ul><\/div>\n<form action=\"\/pl\/wp-json\/wp\/v2\/pages\/1174#wpcf7-f44-o1\" method=\"post\" class=\"wpcf7-form init\" aria-label=\"Contact form\" novalidate=\"novalidate\" data-status=\"init\">\n<fieldset class=\"hidden-fields-container\"><input type=\"hidden\" name=\"_wpcf7\" value=\"44\" \/><input type=\"hidden\" name=\"_wpcf7_version\" value=\"6.1.5\" \/><input type=\"hidden\" name=\"_wpcf7_locale\" value=\"en_US\" \/><input type=\"hidden\" name=\"_wpcf7_unit_tag\" value=\"wpcf7-f44-o1\" \/><input type=\"hidden\" name=\"_wpcf7_container_post\" value=\"0\" \/><input type=\"hidden\" name=\"_wpcf7_posted_data_hash\" value=\"\" \/>\n<\/fieldset>\n<h5><span class=\"ez-toc-section\" id=\"%D0%9A%D0%9E%D0%9D%D0%A2%D0%90%D0%9A%D0%A2%D0%9D%D0%90_%D0%A4%D0%9E%D0%A0%D0%9C%D0%90\"><\/span>\u041a\u041e\u041d\u0422\u0410\u041a\u0422\u041d\u0410 \u0424\u041e\u0420\u041c\u0410\n<span class=\"ez-toc-section-end\"><\/span><\/h5>\n<p><label> \u0412\u0430\u0448\u0435 \u0456\u043c\u02bc\u044f (\u043e\u0431\u043e\u0432\u02bc\u044f\u0437\u043a\u043e\u0432\u043e)<br \/>\n<span class=\"wpcf7-form-control-wrap\" data-name=\"your-name\"><input size=\"40\" maxlength=\"400\" class=\"wpcf7-form-control wpcf7-text wpcf7-validates-as-required\" aria-required=\"true\" aria-invalid=\"false\" value=\"\" type=\"text\" name=\"your-name\" \/><\/span> <\/label>\n<\/p>\n<p><label> Email (\u043e\u0431\u043e\u0432\u02bc\u044f\u0437\u043a\u043e\u0432\u043e)<br \/>\n<span class=\"wpcf7-form-control-wrap\" data-name=\"your-email\"><input size=\"40\" maxlength=\"400\" class=\"wpcf7-form-control wpcf7-email wpcf7-validates-as-required wpcf7-text wpcf7-validates-as-email\" aria-required=\"true\" aria-invalid=\"false\" value=\"\" type=\"email\" name=\"your-email\" \/><\/span> <\/label>\n<\/p>\n<p><label> \u041f\u0418\u0422\u0410\u041d\u041d\u042f<br \/>\n<span class=\"wpcf7-form-control-wrap\" data-name=\"your-subject\"><input size=\"40\" maxlength=\"400\" class=\"wpcf7-form-control wpcf7-text\" aria-invalid=\"false\" value=\"\" type=\"text\" name=\"your-subject\" \/><\/span> <\/label>\n<\/p>\n<p><label> \u0412\u0430\u0448\u0435 \u043f\u043e\u0432\u0456\u0434\u043e\u043c\u043b\u0435\u043d\u043d\u044f<br \/>\n<span class=\"wpcf7-form-control-wrap\" data-name=\"your-message\"><textarea cols=\"40\" rows=\"10\" maxlength=\"2000\" class=\"wpcf7-form-control wpcf7-textarea\" aria-invalid=\"false\" name=\"your-message\"><\/textarea><\/span> <\/label><br \/>\n<div class=\"wpcf7-turnstile cf-turnstile\" data-sitekey=\"0x4AAAAAACARDtSxtL4VC4AB\" data-response-field-name=\"_wpcf7_turnstile_response\"><\/div><br \/>\n<button id=\"submit\" type=\"submit\" name=\"submit\"><br \/>\n<strong>\u041d\u0430\u0434\u0456\u0441\u043b\u0430\u0442\u0438<b><\/b> <i><\/i><\/strong><br \/>\n<\/button>\n<\/p><div class=\"wpcf7-response-output\" aria-hidden=\"true\"><\/div>\n<\/form>\n<\/div>\n[\/vc_column_inner][\/vc_row_inner][\/vc_column][\/vc_row]<\/p>\n<\/div>","protected":false},"excerpt":{"rendered":"<p>[vc_row css=&#8221;.vc_custom_1708785241064{margin-top: -75px !important;margin-bottom: 0px !important;border-top-width: 0px !important;border-bottom-width: 0px !important;padding-top: 0px !important;padding-bottom: 0px !important;}&#8221;][vc_column][vc_single_image image=&#8221;1053&#8243; img_size=&#8221;full&#8221; alignment=&#8221;center&#8221; css_animation=&#8221;fadeIn&#8221; css=&#8221;.vc_custom_1708785300221{margin-top: 75px !important;margin-bottom: 0px !important;border-top-width: 0px !important;border-bottom-width: 0px !important;padding-top: 0px !important;padding-bottom: 0px !important;}&#8221;][\/vc_column][\/vc_row][vc_row motts_theme_padding=&#8221;no&#8221; use_container=&#8221;yes&#8221; css=&#8221;.vc_custom_1708785014589{margin-top: 0px !important;border-top-width: 0px !important;padding-top: 0px !important;}&#8221;][vc_column][vc_row_inner][vc_column_inner width=&#8221;1\/2&#8243;][ts_contact_block] TERAZ PRACUJEMY W PE\u0141NI ONLINE Creative company ARTEX group Poltawa, Ukraina 36000 Radom, Polska, [&hellip;]<\/p>\n","protected":false},"author":1,"featured_media":0,"parent":0,"menu_order":0,"comment_status":"closed","ping_status":"closed","template":"page-portfolio.php","meta":{"footnotes":""},"class_list":["post-1174","page","type-page","status-publish","hentry"],"_links":{"self":[{"href":"https:\/\/artexgroup.org\/pl\/wp-json\/wp\/v2\/pages\/1174","targetHints":{"allow":["GET"]}}],"collection":[{"href":"https:\/\/artexgroup.org\/pl\/wp-json\/wp\/v2\/pages"}],"about":[{"href":"https:\/\/artexgroup.org\/pl\/wp-json\/wp\/v2\/types\/page"}],"author":[{"embeddable":true,"href":"https:\/\/artexgroup.org\/pl\/wp-json\/wp\/v2\/users\/1"}],"replies":[{"embeddable":true,"href":"https:\/\/artexgroup.org\/pl\/wp-json\/wp\/v2\/comments?post=1174"}],"version-history":[{"count":0,"href":"https:\/\/artexgroup.org\/pl\/wp-json\/wp\/v2\/pages\/1174\/revisions"}],"wp:attachment":[{"href":"https:\/\/artexgroup.org\/pl\/wp-json\/wp\/v2\/media?parent=1174"}],"curies":[{"name":"wp","href":"https:\/\/api.w.org\/{rel}","templated":true}]}}