{"id":1405,"date":"2020-03-13T09:30:15","date_gmt":"2020-03-13T07:30:15","guid":{"rendered":"https:\/\/artexgroup.org\/opowiedzmy-troche-o-nas\/"},"modified":"2024-11-16T10:18:28","modified_gmt":"2024-11-16T08:18:28","slug":"opowiedzmy-troche-o-nas","status":"publish","type":"page","link":"https:\/\/artexgroup.org\/pl\/opowiedzmy-troche-o-nas\/","title":{"rendered":"Opowiedzmy troch\u0119 o nas"},"content":{"rendered":"<div class=\"wpb-content-wrapper\"><p>[vc_row full_width=&#8221;stretch_row_content_no_spaces&#8221; motts_theme_padding=&#8221;no&#8221; motts_data_color=&#8221;yes&#8221;][vc_column][ts_hero_slider hero_slider=&#8221;101&#8243;][\/vc_column][\/vc_row][vc_row use_container=&#8221;yes&#8221;][vc_column][ts_section_title title=&#8221;Witaj \u015bwiecie! Jeste\u015bmy kreatywn\u0105 firm\u0105 ARTEXgroup.&#8221;][ts_text_content_block text_content=&#8221;\u041b\u0430\u0441\u043a\u0430\u0432\u043e \u043f\u0440\u043e\u0441\u0438\u043c\u043e \u0434\u043e \u043d\u0430\u0448\u043e\u0457 \u043a\u043e\u043c\u043f\u0430\u043d\u0456\u0457 \u0432\u0435\u0431-\u0440\u043e\u0437\u0440\u043e\u0431\u043a\u0438, \u0434\u0435 \u043c\u0438 \u043f\u0440\u043e\u043f\u043e\u043d\u0443\u0454\u043c\u043e \u043f\u043e\u0432\u043d\u0438\u0439 \u0441\u043f\u0435\u043a\u0442\u0440 \u043f\u043e\u0441\u043b\u0443\u0433 \u0434\u043b\u044f \u0446\u0438\u0444\u0440\u043e\u0432\u043e\u0433\u043e \u043f\u0440\u043e\u0441\u0443\u0432\u0430\u043d\u043d\u044f \u0432\u0430\u0448\u043e\u0433\u043e \u0431\u0456\u0437\u043d\u0435\u0441\u0443. \u041c\u0438 \u0441\u043f\u0435\u0446\u0456\u0430\u043b\u0456\u0437\u0443\u0454\u043c\u043e\u0441\u044f \u043d\u0430 \u0441\u0442\u0432\u043e\u0440\u0435\u043d\u043d\u0456 \u0456\u043d\u043d\u043e\u0432\u0430\u0446\u0456\u0439\u043d\u0438\u0445 \u0432\u0435\u0431-\u0440\u0456\u0448\u0435\u043d\u044c \u00ab\u043f\u0456\u0434 \u043a\u043b\u044e\u0447\u00bb \u0442\u0430 \u0437\u0430\u0432\u0436\u0434\u0438 \u0433\u043e\u0442\u043e\u0432\u0456 \u043f\u043e\u0434\u0456\u043b\u0438\u0442\u0438\u0441\u044f \u043d\u0430\u0448\u0438\u043c \u0434\u043e\u0441\u0432\u0456\u0434\u043e\u043c \u0442\u0430 \u0437\u043d\u0430\u043d\u043d\u044f\u043c\u0438 \u0434\u043b\u044f \u0434\u043e\u0441\u044f\u0433\u043d\u0435\u043d\u043d\u044f \u0432\u0430\u0448\u043e\u0457 \u043c\u0435\u0442\u0438.  \u041d\u0430\u0448\u0430 \u0433\u043e\u043b\u043e\u0432\u043d\u0430 \u043c\u0435\u0442\u0430 &#8211; \u0441\u0442\u0432\u043e\u0440\u0438\u0442\u0438 \u0432\u0438\u0441\u043e\u043a\u043e\u044f\u043a\u0456\u0441\u043d\u0438\u0439 \u0432\u0435\u0431-\u0440\u0435\u0441\u0443\u0440\u0441, \u044f\u043a\u0438\u0439 \u0432\u0456\u0434\u043f\u043e\u0432\u0456\u0434\u0430\u0454 \u0443\u0441\u0456\u043c \u0432\u0430\u0448\u0438\u043c \u043f\u043e\u0442\u0440\u0435\u0431\u0430\u043c \u0456 \u0432\u0438\u043c\u043e\u0433\u0430\u043c. \u041c\u0438 \u0432\u0456\u0440\u0438\u043c\u043e \u0443 \u0432\u0430\u0436\u043b\u0438\u0432\u0456\u0441\u0442\u044c \u0434\u0435\u0442\u0430\u043b\u0435\u0439 \u0442\u0430 \u0433\u043e\u0442\u043e\u0432\u0456 \u0432\u043a\u043b\u0430\u0441\u0442\u0438\u0441\u044f \u0432 \u0440\u043e\u0431\u043e\u0442\u0443, \u0449\u043e\u0431 \u0441\u0442\u0432\u043e\u0440\u0438\u0442\u0438 \u043f\u0440\u043e\u0434\u0443\u043a\u0442, \u044f\u043a\u0438\u0439 \u0441\u0442\u0430\u043d\u0435 \u0441\u043f\u0440\u0430\u0432\u0436\u043d\u044c\u043e\u044e \u0432\u0456\u0437\u0438\u0442\u043d\u043e\u044e \u043a\u0430\u0440\u0442\u043a\u043e\u044e \u0432\u0430\u0448\u043e\u0433\u043e \u0431\u0456\u0437\u043d\u0435\u0441\u0443.  \u041d\u0430\u0448\u0435 \u043a\u043b\u0456\u0454\u043d\u0442\u0441\u044c\u043a\u0435 \u043f\u043e\u0440\u0442\u0444\u043e\u043b\u0456\u043e \u0432\u043a\u043b\u044e\u0447\u0430\u0454 \u044f\u043a \u0432\u0435\u043b\u0438\u043a\u0456 \u043a\u043e\u0440\u043f\u043e\u0440\u0430\u0446\u0456\u0457, \u0442\u0430\u043a \u0456 \u043f\u0440\u0438\u0432\u0430\u0442\u043d\u0438\u0445 \u043f\u0456\u0434\u043f\u0440\u0438\u0454\u043c\u0446\u0456\u0432 \u0437 \u0440\u0456\u0437\u043d\u043e\u043c\u0430\u043d\u0456\u0442\u043d\u0438\u043c\u0438 \u0431\u044e\u0434\u0436\u0435\u0442\u0430\u043c\u0438. \u041c\u0438 \u043f\u0438\u0448\u0430\u0454\u043c\u043e\u0441\u044f \u0441\u0432\u043e\u0454\u044e \u0437\u0434\u0430\u0442\u043d\u0456\u0441\u0442\u044e \u043f\u0440\u0438\u0441\u0442\u043e\u0441\u043e\u0432\u0443\u0432\u0430\u0442\u0438\u0441\u044f \u0434\u043e \u0431\u0443\u0434\u044c-\u044f\u043a\u0438\u0445 \u0437\u0430\u0432\u0434\u0430\u043d\u044c \u0442\u0430 \u0435\u0444\u0435\u043a\u0442\u0438\u0432\u043d\u043e \u0432\u0438\u043a\u043e\u043d\u0443\u0432\u0430\u0442\u0438 \u0457\u0445, \u043d\u0435\u0437\u0430\u043b\u0435\u0436\u043d\u043e \u0432\u0456\u0434 \u0457\u0445\u043d\u044c\u043e\u0457 \u0441\u043a\u043b\u0430\u0434\u043d\u043e\u0441\u0442\u0456.  \u041d\u0430\u0433\u043e\u043b\u043e\u0448\u0443\u0454\u043c\u043e, \u0449\u043e \u043d\u0430\u0448\u0430 \u0440\u043e\u0431\u043e\u0442\u0430 \u0491\u0440\u0443\u043d\u0442\u0443\u0454\u0442\u044c\u0441\u044f \u043d\u0430 \u0440\u043e\u0437\u0443\u043c\u0456\u043d\u043d\u0456 \u0442\u0430 \u0442\u0432\u043e\u0440\u0447\u043e\u0441\u0442\u0456. \u041c\u0438 \u0437\u0430\u0432\u0436\u0434\u0438 \u0432\u0438\u043a\u043e\u0440\u0438\u0441\u0442\u043e\u0432\u0443\u0454\u043c\u043e \u0446\u0456\u043d\u043d\u0435 \u043f\u043e\u0454\u0434\u043d\u0430\u043d\u043d\u044f \u0440\u043e\u0437\u0443\u043c\u0443 \u0442\u0430 \u0444\u0430\u043d\u0442\u0430\u0437\u0456\u0457, \u0449\u043e\u0431 \u0437\u0430\u0431\u0435\u0437\u043f\u0435\u0447\u0438\u0442\u0438 \u0432\u0430\u043c \u043d\u0430\u0439\u043a\u0440\u0430\u0449\u0456 \u0440\u0456\u0448\u0435\u043d\u043d\u044f.  \u0417\u0430\u043b\u0438\u0448\u0442\u0435 \u043d\u0430\u043c \u043c\u043e\u0436\u043b\u0438\u0432\u0456\u0441\u0442\u044c \u0434\u043e\u043f\u043e\u043c\u043e\u0433\u0442\u0438 \u0432\u0430\u043c \u0440\u043e\u0437\u0432\u0438\u0432\u0430\u0442\u0438 \u0441\u0432\u0456\u0439 \u0431\u0456\u0437\u043d\u0435\u0441 \u0443 \u0446\u0438\u0444\u0440\u043e\u0432\u043e\u043c\u0443 \u043f\u0440\u043e\u0441\u0442\u043e\u0440\u0456 \u2013 \u043c\u0438 \u0433\u043e\u0442\u043e\u0432\u0456 \u0432\u0437\u044f\u0442\u0438 \u043d\u0430 \u0441\u0435\u0431\u0435 \u0432\u0438\u043a\u043b\u0438\u043a\u0438 \u0442\u0430 \u0441\u0442\u0432\u043e\u0440\u0438\u0442\u0438 \u0434\u043b\u044f \u0432\u0430\u0441 \u0432\u0440\u0430\u0436\u0430\u044e\u0447\u0438\u0439 \u0432\u0435\u0431-\u043f\u0440\u043e\u0434\u0443\u043a\u0442!&#8221;][\/vc_column][\/vc_row][vc_row data_color=&#8221;dark&#8221; use_container=&#8221;yes&#8221; motts_data_color=&#8221;&#8221;][vc_column][vc_column_text]<\/p>\n<p>[\/vc_column_text][\/vc_column][ts_section_title tagline=&#8221;\u041c\u0438 \u043f\u043e\u0441\u0442\u0456\u0439\u043d\u043e \u0432\u0434\u043e\u0441\u043a\u043e\u043d\u0430\u043b\u044e\u0454\u043c\u043e \u043d\u0430\u0448\u0456 \u043f\u0440\u043e\u0434\u0443\u043a\u0442\u0438. \u041f\u0440\u0430\u0446\u044e\u0454\u043c\u043e, \u0449\u043e\u0431 \u0434\u043e\u043f\u043e\u043c\u043e\u0433\u0442\u0438 \u0432\u0430\u0448\u043e\u043c\u0443 \u0431\u0456\u0437\u043d\u0435\u0441\u0443 \u0437\u0440\u043e\u0441\u0442\u0430\u0442\u0438. \u0406 \u043d\u0456\u043a\u043e\u043b\u0438 \u043d\u0435 \u043f\u0435\u0440\u0435\u0441\u0442\u0430\u0454\u043c\u043e \u0432\u0447\u0438\u0442\u0438\u0441\u044f.&#8221; title=&#8221;\u041d\u0430\u0448\u0456 \u043f\u043e\u0441\u043b\u0443\u0433\u0438&#8221;][vc_row_inner][vc_column_inner width=&#8221;1\/2&#8243; offset=&#8221;vc_col-md-3 vc_col-xs-6&#8243;][ts_icon_service_box icon=&#8221;121&#8243; index=&#8221;01&#8243; title=&#8221;UI\/UX DESIGN&#8221;][\/vc_column_inner][vc_column_inner width=&#8221;1\/2&#8243; offset=&#8221;vc_col-md-3 vc_col-xs-6&#8243;][ts_icon_service_box icon=&#8221;122&#8243; index=&#8221;02&#8243; title=&#8221;ROZW\u00d3J&#8221;][\/vc_column_inner][vc_column_inner width=&#8221;1\/2&#8243; offset=&#8221;vc_col-md-3 vc_col-xs-6&#8243;][ts_icon_service_box icon=&#8221;124&#8243; index=&#8221;03&#8243; title=&#8221;BRANDING&#8221;][\/vc_column_inner][vc_column_inner width=&#8221;1\/2&#8243; offset=&#8221;vc_col-md-3 vc_col-xs-6&#8243;][ts_icon_service_box icon=&#8221;125&#8243; index=&#8221;04&#8243; title=&#8221;MARKETING&#8221;][\/vc_column_inner][\/vc_row_inner][vc_row_inner][vc_column_inner width=&#8221;1\/2&#8243; offset=&#8221;vc_col-md-3 vc_col-xs-6&#8243;][ts_icon_service_box icon=&#8221;126&#8243; index=&#8221;05&#8243; title=&#8221;APLIKACJE IOS&#8221;][\/vc_column_inner][vc_column_inner width=&#8221;1\/2&#8243; offset=&#8221;vc_col-md-3 vc_col-xs-6&#8243;][ts_icon_service_box icon=&#8221;127&#8243; index=&#8221;06&#8243; title=&#8221;NIESTANDARDOWY SYSTEM ZARZ\u0104DZANIA TRE\u015aCI\u0104&#8221;][\/vc_column_inner][vc_column_inner width=&#8221;1\/2&#8243; offset=&#8221;vc_col-md-3 vc_col-xs-6&#8243;][ts_icon_service_box icon=&#8221;128&#8243; index=&#8221;07&#8243; title=&#8221;APLIKACJE JAVA&#8221;][\/vc_column_inner][vc_column_inner width=&#8221;1\/2&#8243; offset=&#8221;vc_col-md-3 vc_col-xs-6&#8243;][ts_icon_service_box icon=&#8221;129&#8243; index=&#8221;08&#8243; title=&#8221;e-COMMERCE&#8221;][\/vc_column_inner][\/vc_row_inner][\/vc_row][vc_row use_container=&#8221;yes&#8221;][vc_column][ts_recent_news][\/vc_column][\/vc_row][vc_row use_container=&#8221;yes&#8221;][vc_column][ts_section_title tagline=&#8221;\u041d\u0430\u0448\u0456 \u0434\u043e\u0441\u044f\u0433\u043d\u0435\u043d\u043d\u044f, \u043f\u0435\u0440\u0435\u043c\u043e\u0433\u0438 \u0442\u0430 \u0434\u043e\u0441\u0432\u0456\u0434. \u041a\u043e\u0440\u043e\u0442\u043a\u043e.&#8221; title=&#8221;\u0422\u0420\u041e\u0425\u0418 \u0426\u0418\u0424\u0420&#8221; position=&#8221;center&#8221;][vc_row_inner][vc_column_inner width=&#8221;1\/4&#8243;][ts_awards value=&#8221;2&#8243; title=&#8221;TOP 5 UKRAINA&#8221; logo=&#8221;134&#8243; tagline=&#8221;\u0423\u0432\u0456\u0439\u0448\u043b\u0438 \u0434\u043e \u0440\u0435\u0439\u0442\u0438\u043d\u0433\u0443 \u0422\u041e\u041f 5 \u0440\u043e\u0437\u0440\u043e\u0431\u043d\u0438\u043a\u0456\u0432 \u043d\u0430 codeigniter \u0432 \u0423\u043a\u0440\u0430\u0457\u043d\u0456&#8221;][\/vc_column_inner][vc_column_inner width=&#8221;1\/4&#8243;][ts_awards value=&#8221;28&#8243; title=&#8221;Wiod\u0105cy deweloperzy&#8221; logo=&#8221;304&#8243; tagline=&#8221;\u0420\u043e\u0437\u0440\u043e\u0431\u0438\u043b\u0438 \u0432\u0435\u043b\u0438\u043a\u0443 \u043a\u0456\u043b\u044c\u043a\u0456\u0441\u0442\u044c \u043c\u043e\u0434\u0443\u043b\u0456\u0432 \u0434\u043b\u044f ImageCMS&#8221;][\/vc_column_inner][vc_column_inner width=&#8221;1\/4&#8243;][ts_awards value=&#8221;9&#8243; title=&#8221;D\u0142ugi czas na rynku&#8221; logo=&#8221;310&#8243; tagline=&#8221;\u042f\u043a \u043a\u043e\u043c\u043f\u0430\u043d\u0456\u044f \u043c\u0438 \u043f\u0440\u0430\u0446\u044e\u0454\u043c\u043e \u0437 2011 \u0440\u043e\u043a\u0443. \u0417\u0430 \u0446\u0435\u0439 \u0447\u0430\u0441 \u043a\u043e\u043c\u0430\u043d\u0434\u0430 \u0437\u043c\u0456\u043d\u044e\u0432\u0430\u043b\u0430\u0441\u044f \u0431\u0430\u0433\u0430\u0442\u043e \u0440\u0430\u0437\u0456\u0432&#8221;][\/vc_column_inner][vc_column_inner width=&#8221;1\/4&#8243;][ts_awards value=&#8221;200&#8243; title=&#8221;Ci\u0119\u017cko pracowali\u015bmy&#8221; logo=&#8221;325&#8243; tagline=&#8221;\u0417\u0430 \u0440\u043e\u043a\u0438 \u0440\u043e\u0431\u043e\u0442\u0438 \u0432\u0438\u043a\u043e\u043d\u0430\u043b\u0438 \u043f\u043e\u043d\u0430\u0434 \u0434\u0432\u0456\u0441\u0442\u0456 \u043f\u0440\u043e\u0435\u043a\u0442\u0456\u0432, \u043d\u0435 \u0440\u0430\u0445\u0443\u044e\u0447\u0438 \u043f\u0456\u0434\u0442\u0440\u0438\u043c\u043a\u0438 \u0442\u0430 \u0434\u043e\u043e\u043f\u0440\u0430\u0446\u044e\u0432\u0430\u043d\u044c&#8221;][\/vc_column_inner][\/vc_row_inner][\/vc_column][\/vc_row][vc_row data_color=&#8221;dark&#8221; use_container=&#8221;yes&#8221;][vc_column][ts_showreel_video video_url=&#8221;\/wp-content\/uploads\/2020\/video.mp4&#8243; title=&#8221;SHOWREEL&#8221;][\/vc_column][\/vc_row][vc_row use_container=&#8221;yes&#8221; el_class=&#8221;clients-spacing&#8221;][vc_column][vc_row_inner][vc_column_inner][ts_section_title tagline=&#8221;\u041c\u0438 \u043f\u0438\u0448\u0430\u0454\u043c\u043e\u0441\u044c \u0441\u043f\u0456\u0432\u043f\u0440\u0430\u0446\u0435\u044e \u0437 \u043d\u0430\u0448\u0438\u043c\u0438 \u043a\u043b\u0456\u0454\u043d\u0442\u0430\u043c\u0438 \u0456 \u0442\u0443\u0442 \u043b\u043e\u0433\u043e\u0442\u0438\u043f\u0438 \u0442\u0456\u043b\u044c\u043a\u0438 \u0447\u0430\u0441\u0442\u0438\u043d\u0438 \u0437 \u043d\u0438\u0445.&#8221; title=&#8221;W\u015aR\u00d3D NASZYCH KLIENT\u00d3W&#8221;][\/vc_column_inner][\/vc_row_inner][vc_row_inner][vc_column_inner offset=&#8221;vc_col-md-1\/5 vc_col-xs-6&#8243;][ts_client title=&#8221;Obraz.&#8221; link=&#8221;&#8221; logo=&#8221;147&#8243;][ts_client title=&#8221;Obraz.&#8221; link=&#8221;&#8221; logo=&#8221;155&#8243;][ts_client title=&#8221;Obraz.&#8221; link=&#8221;&#8221; logo=&#8221;160&#8243;][\/vc_column_inner][vc_column_inner offset=&#8221;vc_col-md-1\/5 vc_col-xs-6&#8243;][ts_client title=&#8221;Obraz.&#8221; link=&#8221;&#8221; logo=&#8221;148&#8243;][ts_client title=&#8221;Obraz.&#8221; link=&#8221;&#8221; logo=&#8221;156&#8243;][ts_client title=&#8221;Obraz.&#8221; link=&#8221;&#8221; logo=&#8221;161&#8243;][\/vc_column_inner][vc_column_inner offset=&#8221;vc_col-md-1\/5 vc_col-xs-6&#8243;][ts_client title=&#8221;Obraz.&#8221; link=&#8221;&#8221; logo=&#8221;149&#8243;][ts_client title=&#8221;Obraz.&#8221; link=&#8221;&#8221; logo=&#8221;157&#8243;][ts_client title=&#8221;Obraz.&#8221; link=&#8221;&#8221; logo=&#8221;162&#8243;][\/vc_column_inner][vc_column_inner offset=&#8221;vc_col-md-1\/5 vc_col-xs-6&#8243;][ts_client title=&#8221;Obraz.&#8221; link=&#8221;&#8221; logo=&#8221;150&#8243;][ts_client title=&#8221;Obraz.&#8221; link=&#8221;&#8221; logo=&#8221;158&#8243;][ts_client title=&#8221;Obraz.&#8221; link=&#8221;&#8221; logo=&#8221;163&#8243;][\/vc_column_inner][vc_column_inner offset=&#8221;vc_col-md-1\/5 vc_col-xs-6&#8243;][ts_client title=&#8221;Obraz.&#8221; link=&#8221;&#8221; logo=&#8221;151&#8243;][ts_client title=&#8221;Obraz.&#8221; link=&#8221;&#8221; logo=&#8221;159&#8243;][ts_client title=&#8221;Obraz.&#8221; link=&#8221;&#8221; logo=&#8221;164&#8243;][\/vc_column_inner][\/vc_row_inner][\/vc_column][\/vc_row][vc_row data_color=&#8221;dark&#8221; use_container=&#8221;yes&#8221;][vc_column][ts_hire_us has_email=&#8221;yes&#8221; tagline=&#8221;\u041f\u0420\u0410\u0426\u042e\u0419\u0422\u0415 \u0417 PRO \u041a\u041e\u041c\u0410\u041d\u0414\u041e\u042e&#8221; title=&#8221;Chcesz mie\u0107 profesjonalny projekt? Porozmawiajmy o tym!&#8221; phone=&#8221;+380 (99) 37-124-37&#8243; email_address=&#8221;hello@artexgroup.org&#8221;][\/vc_column][\/vc_row]<\/p>\n<\/div>","protected":false},"excerpt":{"rendered":"<p>[vc_row full_width=&#8221;stretch_row_content_no_spaces&#8221; motts_theme_padding=&#8221;no&#8221; motts_data_color=&#8221;yes&#8221;][vc_column][ts_hero_slider hero_slider=&#8221;101&#8243;][\/vc_column][\/vc_row][vc_row use_container=&#8221;yes&#8221;][vc_column][ts_section_title title=&#8221;Witaj \u015bwiecie! Jeste\u015bmy kreatywn\u0105 firm\u0105 ARTEXgroup.&#8221;][ts_text_content_block text_content=&#8221;\u041b\u0430\u0441\u043a\u0430\u0432\u043e \u043f\u0440\u043e\u0441\u0438\u043c\u043e \u0434\u043e \u043d\u0430\u0448\u043e\u0457 \u043a\u043e\u043c\u043f\u0430\u043d\u0456\u0457 \u0432\u0435\u0431-\u0440\u043e\u0437\u0440\u043e\u0431\u043a\u0438, \u0434\u0435 \u043c\u0438 \u043f\u0440\u043e\u043f\u043e\u043d\u0443\u0454\u043c\u043e \u043f\u043e\u0432\u043d\u0438\u0439 \u0441\u043f\u0435\u043a\u0442\u0440 \u043f\u043e\u0441\u043b\u0443\u0433 \u0434\u043b\u044f \u0446\u0438\u0444\u0440\u043e\u0432\u043e\u0433\u043e \u043f\u0440\u043e\u0441\u0443\u0432\u0430\u043d\u043d\u044f \u0432\u0430\u0448\u043e\u0433\u043e \u0431\u0456\u0437\u043d\u0435\u0441\u0443. \u041c\u0438 \u0441\u043f\u0435\u0446\u0456\u0430\u043b\u0456\u0437\u0443\u0454\u043c\u043e\u0441\u044f \u043d\u0430 \u0441\u0442\u0432\u043e\u0440\u0435\u043d\u043d\u0456 \u0456\u043d\u043d\u043e\u0432\u0430\u0446\u0456\u0439\u043d\u0438\u0445 \u0432\u0435\u0431-\u0440\u0456\u0448\u0435\u043d\u044c \u00ab\u043f\u0456\u0434 \u043a\u043b\u044e\u0447\u00bb \u0442\u0430 \u0437\u0430\u0432\u0436\u0434\u0438 \u0433\u043e\u0442\u043e\u0432\u0456 \u043f\u043e\u0434\u0456\u043b\u0438\u0442\u0438\u0441\u044f \u043d\u0430\u0448\u0438\u043c \u0434\u043e\u0441\u0432\u0456\u0434\u043e\u043c \u0442\u0430 \u0437\u043d\u0430\u043d\u043d\u044f\u043c\u0438 \u0434\u043b\u044f \u0434\u043e\u0441\u044f\u0433\u043d\u0435\u043d\u043d\u044f \u0432\u0430\u0448\u043e\u0457 \u043c\u0435\u0442\u0438. \u041d\u0430\u0448\u0430 \u0433\u043e\u043b\u043e\u0432\u043d\u0430 \u043c\u0435\u0442\u0430 &#8211; \u0441\u0442\u0432\u043e\u0440\u0438\u0442\u0438 \u0432\u0438\u0441\u043e\u043a\u043e\u044f\u043a\u0456\u0441\u043d\u0438\u0439 [&hellip;]<\/p>\n","protected":false},"author":1,"featured_media":0,"parent":0,"menu_order":0,"comment_status":"closed","ping_status":"closed","template":"page-portfolio.php","meta":{"footnotes":""},"class_list":["post-1405","page","type-page","status-publish","hentry"],"_links":{"self":[{"href":"https:\/\/artexgroup.org\/pl\/wp-json\/wp\/v2\/pages\/1405","targetHints":{"allow":["GET"]}}],"collection":[{"href":"https:\/\/artexgroup.org\/pl\/wp-json\/wp\/v2\/pages"}],"about":[{"href":"https:\/\/artexgroup.org\/pl\/wp-json\/wp\/v2\/types\/page"}],"author":[{"embeddable":true,"href":"https:\/\/artexgroup.org\/pl\/wp-json\/wp\/v2\/users\/1"}],"replies":[{"embeddable":true,"href":"https:\/\/artexgroup.org\/pl\/wp-json\/wp\/v2\/comments?post=1405"}],"version-history":[{"count":0,"href":"https:\/\/artexgroup.org\/pl\/wp-json\/wp\/v2\/pages\/1405\/revisions"}],"wp:attachment":[{"href":"https:\/\/artexgroup.org\/pl\/wp-json\/wp\/v2\/media?parent=1405"}],"curies":[{"name":"wp","href":"https:\/\/api.w.org\/{rel}","templated":true}]}}