{"id":1412,"date":"2023-03-13T09:23:10","date_gmt":"2023-03-13T07:23:10","guid":{"rendered":"https:\/\/artexgroup.org\/creative-company-artex-group\/"},"modified":"2025-04-01T16:50:44","modified_gmt":"2025-04-01T14:50:44","slug":"agencja-cyfrowa","status":"publish","type":"page","link":"https:\/\/artexgroup.org\/pl\/","title":{"rendered":"Kompleksowe tworzenie stron internetowych i sklep\u00f3w internetowych"},"content":{"rendered":"<div class=\"wpb-content-wrapper\"><p>[vc_row content_placement=&#8221;middle&#8221; css_animation=&#8221;rollIn&#8221;][vc_column width=&#8221;1\/5&#8243;][ts_awards logo=&#8221;1596&#8243; title=&#8221;Tworzymy w PHP&#8221; tagline=&#8221;\u0442\u0430 \u0444\u0440\u0435\u0439\u043c\u0432\u043e\u0440\u043a\u0430\u0445&#8221;][\/vc_column][vc_column width=&#8221;1\/5&#8243;][ts_awards logo=&#8221;1613&#8243; title=&#8221;Codeigniter&#8221; tagline=&#8221;\u0431\u0456\u043b\u044c\u0448\u0435 10 \u0440\u043e\u043a\u0456\u0432 \u0434\u043e\u0441\u0432\u0456\u0434\u0443&#8221;][\/vc_column][vc_column width=&#8221;1\/5&#8243;][ts_awards logo=&#8221;1616&#8243; title=&#8221;Javascript&#8221;][\/vc_column][vc_column width=&#8221;1\/5&#8243;][ts_awards logo=&#8221;1633&#8243; title=&#8221;Wordpress&#8221; tagline=&#8221;wordpress \u0442\u0430 woocommerce&#8221;][\/vc_column][vc_column width=&#8221;1\/5&#8243;][ts_awards logo=&#8221;1643&#8243; title=&#8221;Integracja interfejsu API&#8221; tagline=&#8221;\u0430\u043a\u0442\u0438\u0432\u043d\u043e \u0432\u0438\u043a\u043e\u0440\u0438\u0441\u0442\u043e\u0432\u0443\u0454\u043c\u043e API&#8221;][\/vc_column][\/vc_row][vc_row motts_theme_padding=&#8221;no&#8221;][vc_column][ts_agensy_video video_url=&#8221;\/wp-content\/uploads\/2020\/03\/video2-1.mp4&#8243;][\/vc_column][\/vc_row][vc_row css_animation=&#8221;fadeIn&#8221; use_container=&#8221;yes&#8221; use_predefined_class=&#8221;yes&#8221;][vc_column][ts_text_content_block text_content=&#8221;<\/p>\n<div id=\"ez-toc-container\" class=\"ez-toc-v2_0_82_2 counter-hierarchy ez-toc-counter ez-toc-grey ez-toc-container-direction\">\n<div class=\"ez-toc-title-container\">\n<p class=\"ez-toc-title ez-toc-toggle\" style=\"cursor:pointer\">Tre\u015b\u0107<\/p>\n<span class=\"ez-toc-title-toggle\"><a href=\"#\" class=\"ez-toc-pull-right ez-toc-btn ez-toc-btn-xs ez-toc-btn-default ez-toc-toggle\" aria-label=\"Prze\u0142\u0105cznik Spisu Tre\u015bci\"><span class=\"ez-toc-js-icon-con\"><span class=\"\"><span class=\"eztoc-hide\" style=\"display:none;\">Toggle<\/span><span class=\"ez-toc-icon-toggle-span\"><svg style=\"fill: #999;color:#999\" xmlns=\"http:\/\/www.w3.org\/2000\/svg\" class=\"list-377408\" width=\"20px\" height=\"20px\" viewBox=\"0 0 24 24\" fill=\"none\"><path d=\"M6 6H4v2h2V6zm14 0H8v2h12V6zM4 11h2v2H4v-2zm16 0H8v2h12v-2zM4 16h2v2H4v-2zm16 0H8v2h12v-2z\" fill=\"currentColor\"><\/path><\/svg><svg style=\"fill: #999;color:#999\" class=\"arrow-unsorted-368013\" xmlns=\"http:\/\/www.w3.org\/2000\/svg\" width=\"10px\" height=\"10px\" viewBox=\"0 0 24 24\" version=\"1.2\" baseProfile=\"tiny\"><path d=\"M18.2 9.3l-6.2-6.3-6.2 6.3c-.2.2-.3.4-.3.7s.1.5.3.7c.2.2.4.3.7.3h11c.3 0 .5-.1.7-.3.2-.2.3-.5.3-.7s-.1-.5-.3-.7zM5.8 14.7l6.2 6.3 6.2-6.3c.2-.2.3-.5.3-.7s-.1-.5-.3-.7c-.2-.2-.4-.3-.7-.3h-11c-.3 0-.5.1-.7.3-.2.2-.3.5-.3.7s.1.5.3.7z\"\/><\/svg><\/span><\/span><\/span><\/a><\/span><\/div>\n<nav><ul class='ez-toc-list ez-toc-list-level-1 ' ><li class='ez-toc-page-1 ez-toc-heading-level-2'><a class=\"ez-toc-link ez-toc-heading-1\" href=\"https:\/\/artexgroup.org\/pl\/#DIGITAL_%D1%80%D1%96%D1%88%D0%B5%D0%BD%D0%BD%D1%8F_%D0%B4%D0%BB%D1%8F_%D0%B1%D1%96%D0%B7%D0%BD%D0%B5%D1%81%D1%83\" >DIGITAL \u0440\u0456\u0448\u0435\u043d\u043d\u044f \u0434\u043b\u044f \u0431\u0456\u0437\u043d\u0435\u0441\u0443<\/a><\/li><li class='ez-toc-page-1 ez-toc-heading-level-2'><a class=\"ez-toc-link ez-toc-heading-2\" href=\"https:\/\/artexgroup.org\/pl\/#Kanaly_recenzji_produktow_Google_ImageCMS_2024\" >Kana\u0142y recenzji produkt\u00f3w Google (ImageCMS)  [2024]<\/a><\/li><li class='ez-toc-page-1 ez-toc-heading-level-2'><a class=\"ez-toc-link ez-toc-heading-3\" href=\"https:\/\/artexgroup.org\/pl\/#Modul_platnosci_przez_WayForPay_dla_ImageCMS\" >Modu\u0142 p\u0142atno\u015bci przez WayForPay dla ImageCMS<\/a><\/li><li class='ez-toc-page-1 ez-toc-heading-level-2'><a class=\"ez-toc-link ez-toc-heading-4\" href=\"https:\/\/artexgroup.org\/pl\/#System_platnosci_monobankowych_ImageCMS\" >System p\u0142atno\u015bci monobankowych (ImageCMS)<\/a><\/li><li class='ez-toc-page-1 ez-toc-heading-level-2'><a class=\"ez-toc-link ez-toc-heading-5\" href=\"https:\/\/artexgroup.org\/pl\/#Baner_na_liscie_produktow_dla_ImageCMS\" >Baner na li\u015bcie produkt\u00f3w dla ImageCMS<\/a><\/li><\/ul><\/nav><\/div>\n<h2><span class=\"ez-toc-section\" id=\"DIGITAL_%D1%80%D1%96%D1%88%D0%B5%D0%BD%D0%BD%D1%8F_%D0%B4%D0%BB%D1%8F_%D0%B1%D1%96%D0%B7%D0%BD%D0%B5%D1%81%D1%83\"><\/span>DIGITAL \u0440\u0456\u0448\u0435\u043d\u043d\u044f \u0434\u043b\u044f \u0431\u0456\u0437\u043d\u0435\u0441\u0443<span class=\"ez-toc-section-end\"><\/span><\/h2>\n<p>\u041f\u0440\u0438\u0432\u0456\u0442 \u0441\u0432\u0456\u0442! \u041d\u0430\u0448\u0430 \u043c\u0456\u0441\u0456\u044f &#8211; \u0441\u0442\u0432\u043e\u0440\u0435\u043d\u043d\u044f \u043f\u0440\u043e\u0434\u0443\u043a\u0442\u0456\u0432, \u044f\u043a\u0456 \u043f\u0440\u0438\u043d\u043e\u0441\u044f\u0442\u044c \u043d\u0435 \u043b\u0438\u0448\u0435 \u043f\u0440\u0438\u0431\u0443\u0442\u043e\u043a \u0432\u043b\u0430\u0441\u043d\u0438\u043a\u0443, \u0430 \u0456 \u043a\u043e\u0440\u0438\u0441\u0442\u044c \u043a\u043e\u0440\u0438\u0441\u0442\u0443\u0432\u0430\u0447\u0430\u043c. \u041c\u0438 \u0434\u043e\u0441\u043b\u0456\u0434\u0436\u0443\u0454\u043c\u043e, \u043a\u043e\u043d\u0441\u0443\u043b\u044c\u0442\u0443\u0454\u043c\u043e \u0442\u0430 \u0440\u043e\u0437\u0440\u043e\u0431\u043b\u044f\u0454\u043c\u043e, \u0432\u0440\u0430\u0445\u043e\u0432\u0443\u044e\u0447\u0438 \u043a\u043e\u0436\u043d\u0435 \u0437 \u0432\u0430\u0448\u0438\u0445 \u043f\u043e\u0431\u0430\u0436\u0430\u043d\u044c. \u041d\u0430\u0448 \u043f\u0456\u0434\u0445\u0456\u0434 &#8211; \u0434\u043e\u0441\u044f\u0433\u043d\u0435\u043d\u043d\u044f \u0434\u043e\u0441\u043a\u043e\u043d\u0430\u043b\u043e\u0441\u0442\u0456 \u0443 \u043a\u043e\u0436\u043d\u043e\u043c\u0443 \u043f\u0440\u043e\u0454\u043a\u0442\u0456, \u0432\u0456\u0434 \u0434\u0435\u0442\u0430\u043b\u0435\u0439 \u0434\u043e \u0446\u0456\u043b\u0456\u0441\u043d\u043e\u0433\u043e \u043e\u0431\u0440\u0430\u0437\u0443 \u0432\u0430\u0448\u043e\u0457 \u043a\u043e\u043c\u043f\u0430\u043d\u0456\u0457 \u0443 \u0446\u0438\u0444\u0440\u043e\u0432\u043e\u043c\u0443 \u0441\u0432\u0456\u0442\u0456.<\/p>\n<p>\u0412\u0430\u0448 \u0443\u0441\u043f\u0456\u0445 &#8211; \u043d\u0430\u0448\u0430 \u0446\u0456\u043b\u044c. \u041d\u0430\u0448\u0430 \u043a\u043e\u043c\u0430\u043d\u0434\u0430 \u0437\u0430\u0432\u0436\u0434\u0438 \u0433\u043e\u0442\u043e\u0432\u0430 \u0432\u0438\u0445\u043e\u0434\u0438\u0442\u0438 \u0437\u0430 \u043c\u0435\u0436\u0456 \u0437\u0432\u0438\u0447\u043d\u043e\u0433\u043e, \u0449\u043e\u0431 \u0441\u0442\u0432\u043e\u0440\u0438\u0442\u0438 \u043d\u0435 \u043f\u0440\u043e\u0441\u0442\u043e \u0433\u0430\u0440\u043d\u0438\u0439, \u0430\u043b\u0435 \u0439 \u0435\u0444\u0435\u043a\u0442\u0438\u0432\u043d\u0438\u0439 \u0446\u0438\u0444\u0440\u043e\u0432\u0438\u0439 \u043f\u0440\u043e\u0434\u0443\u043a\u0442. \u0412\u0435\u043b\u0438\u043a\u0456 \u043a\u043e\u0440\u043f\u043e\u0440\u0430\u0446\u0456\u0457 \u0447\u0438 \u043f\u0440\u0438\u0432\u0430\u0442\u043d\u0456 \u0437\u0430\u043c\u043e\u0432\u043d\u0438\u043a\u0438, \u043c\u0438 \u0433\u043e\u0442\u043e\u0432\u0456 \u0434\u043e \u0441\u043f\u0456\u0432\u043f\u0440\u0430\u0446\u0456 \u0437 \u043a\u043e\u0436\u043d\u0438\u043c, \u0445\u0442\u043e \u043f\u0440\u0430\u0433\u043d\u0435 \u0434\u043e \u0446\u0438\u0444\u0440\u043e\u0432\u043e\u0433\u043e \u043c\u0430\u0439\u0431\u0443\u0442\u043d\u044c\u043e\u0433\u043e.<\/p>\n<p>\u0417 \u043d\u0430\u043c\u0438 \u0432\u0438 \u043d\u0435 \u043f\u0440\u043e\u0441\u0442\u043e \u043e\u0442\u0440\u0438\u043c\u0443\u0454\u0442\u0435 \u043f\u043e\u0441\u043b\u0443\u0433\u0438 &#8222;\u043f\u0456\u0434 \u043a\u043b\u044e\u0447&#8222;, \u0432\u0438 \u043e\u0442\u0440\u0438\u043c\u0443\u0454\u0442\u0435 \u043d\u0430\u0434\u0456\u0439\u043d\u043e\u0433\u043e \u043f\u0430\u0440\u0442\u043d\u0435\u0440\u0430 \u043d\u0430 \u0448\u043b\u044f\u0445\u0443 \u0434\u043e \u0446\u0438\u0444\u0440\u043e\u0432\u043e\u0433\u043e \u0443\u0441\u043f\u0456\u0445\u0443.<\/p>\n<p>\u041c\u0438 \u043d\u0435 \u043f\u0440\u043e\u0441\u0442\u043e \u0440\u0430\u0445\u0443\u0454\u043c\u043e \u043a\u0456\u043b\u044c\u043a\u0456\u0441\u0442\u044c \u0440\u044f\u0434\u043a\u0456\u0432 \u043a\u043e\u0434\u0443 \u0430\u0431\u043e \u0432\u0438\u043f\u0438\u0442\u0443 \u043a\u0430\u0432\u0443, \u0430 \u0441\u0442\u0432\u043e\u0440\u044e\u0454\u043c\u043e \u044f\u043a\u0456\u0441\u043d\u0456 \u043f\u0440\u043e\u0434\u0443\u043a\u0442\u0438, \u044f\u043a\u0456 \u043f\u0440\u0438\u043d\u043e\u0441\u044f\u0442\u044c \u043a\u043e\u0440\u0438\u0441\u0442\u044c \u0457\u0445 \u0432\u043b\u0430\u0441\u043d\u0438\u043a\u0430\u043c \u0442\u0430 \u0440\u043e\u0431\u043b\u044f\u0442\u044c \u0436\u0438\u0442\u0442\u044f \u043a\u043e\u0440\u0438\u0441\u0442\u0443\u0432\u0430\u0447\u0456\u0432 \u0437\u0440\u0443\u0447\u043d\u0456\u0448\u0438\u043c.&#8221;][\/vc_column][\/vc_row][vc_row disable_element=&#8221;yes&#8221; data_color=&#8221;dark&#8221; use_container=&#8221;yes&#8221;][vc_column][ts_section_title tagline=&#8221;We\u2019re constantly refining our product. Adding new features. Working to help your business grow.&#8221; title=&#8221;CZ\u0141ONKOWIE ZESPO\u0141U&#8221;][vc_row_inner][vc_column_inner width=&#8221;1\/2&#8243; offset=&#8221;vc_col-md-3&#8243;][ts_team_members member_name=&#8221;Sasha O&#8217;Kharin&#8221; title=&#8221;Creative Director&#8221; member=&#8221;190&#8243; social_link1=&#8221;#&#8221; social_media1=&#8221;Linkedin&#8221; social_link2=&#8221;#&#8221; social_media2=&#8221;Behance&#8221; social_link3=&#8221;#&#8221; social_media3=&#8221;Github&#8221;][\/vc_column_inner][vc_column_inner width=&#8221;1\/2&#8243; offset=&#8221;vc_col-md-3&#8243;][ts_team_members member_name=&#8221;Oleg Pachorski&#8221; title=&#8221;Front-End Dev&#8221; member=&#8221;193&#8243; social_link1=&#8221;#&#8221; social_media1=&#8221;Linkedin&#8221; social_link2=&#8221;#&#8221; social_media2=&#8221;Behance&#8221; social_link3=&#8221;#&#8221; social_media3=&#8221;Github&#8221;][\/vc_column_inner][vc_column_inner width=&#8221;1\/2&#8243; offset=&#8221;vc_col-md-3&#8243;][ts_team_members member_name=&#8221;Alex Avdeieva&#8221; title=&#8221;Back-End Dev&#8221; member=&#8221;194&#8243; social_link1=&#8221;#&#8221; social_media1=&#8221;Linkedin&#8221; social_link2=&#8221;#&#8221; social_media2=&#8221;Behance&#8221; social_link3=&#8221;#&#8221; social_media3=&#8221;Github&#8221;][\/vc_column_inner][vc_column_inner width=&#8221;1\/2&#8243; offset=&#8221;vc_col-md-3&#8243;][ts_team_members member_name=&#8221;Andrey Kolbasin&#8221; title=&#8221;Kierownik ds. marketingu&#8221; member=&#8221;195&#8243; social_link1=&#8221;#&#8221; social_media1=&#8221;Linkedin&#8221; social_link2=&#8221;#&#8221; social_media2=&#8221;Behance&#8221; social_link3=&#8221;#&#8221; social_media3=&#8221;Github&#8221;][\/vc_column_inner][\/vc_row_inner][\/vc_column][\/vc_row][vc_row use_container=&#8221;yes&#8221; el_class=&#8221;clients-spacing&#8221;][vc_column][vc_row_inner][vc_column_inner][ts_section_title tagline=&#8221;\u041c\u0438 \u043f\u043e\u0441\u0442\u0456\u0439\u043d\u043e \u0432\u0434\u043e\u0441\u043a\u043e\u043d\u0430\u043b\u044e\u0454\u043c\u043e\u0441\u044f \u0456 \u0432\u0438\u0432\u0447\u0430\u0454\u043c\u043e \u043d\u043e\u0432\u0435, \u0449\u043e\u0431 \u0434\u043e\u043f\u043e\u043c\u043e\u0433\u0442\u0438 \u0432\u0430\u0448\u043e\u043c\u0443 \u0431\u0456\u0437\u043d\u0435\u0441\u0443 \u0440\u043e\u0437\u0432\u0438\u0432\u0430\u0442\u0438\u0441\u044f.&#8221; title=&#8221;W\u015aR\u00d3D NASZYCH KLIENT\u00d3W&#8221;][\/vc_column_inner][\/vc_row_inner][vc_row_inner][vc_column_inner offset=&#8221;vc_col-md-1\/5&#8243;][ts_client title=&#8221;hafeleshop.com.ua&#8221; link=&#8221;&#8221; logo=&#8221;1210&#8243;][ts_client title=&#8221;ovk.ua&#8221; link=&#8221;&#8221; logo=&#8221;1225&#8243;][ts_client title=&#8221;voloshyngallery.art&#8221; link=&#8221;&#8221; logo=&#8221;1240&#8243;][ts_client title=&#8221;domashniy.com.ua&#8221; link=&#8221;&#8221; logo=&#8221;1195&#8243;][\/vc_column_inner][vc_column_inner offset=&#8221;vc_col-md-1\/5&#8243;][ts_client title=&#8221;takida.com.ua&#8221; link=&#8221;&#8221; logo=&#8221;1237&#8243;][ts_client title=&#8221;obeauty.com.ua&#8221; link=&#8221;&#8221; logo=&#8221;1222&#8243;][ts_client title=&#8221;fmebli.com.ua&#8221; link=&#8221;&#8221; logo=&#8221;1207&#8243;][ts_client title=&#8221;displayko.com.ua&#8221; link=&#8221;&#8221; logo=&#8221;1192&#8243;][\/vc_column_inner][vc_column_inner offset=&#8221;vc_col-md-1\/5&#8243;][ts_client title=&#8221;stuza.cz&#8221; link=&#8221;&#8221; logo=&#8221;1234&#8243;][ts_client title=&#8221;medstock.ua&#8221; link=&#8221;&#8221; logo=&#8221;1219&#8243;][ts_client title=&#8221;fix4u.ua&#8221; link=&#8221;&#8221; logo=&#8221;1204&#8243;][ts_client title=&#8221;BUNGE&#8221; link=&#8221;&#8221; logo=&#8221;1189&#8243;][\/vc_column_inner][vc_column_inner offset=&#8221;vc_col-md-1\/5&#8243;][ts_client title=&#8221;playfootall.com.ua&#8221; link=&#8221;&#8221; logo=&#8221;1231&#8243;][ts_client title=&#8221;Szko\u0142a jazdy Magistral&#8221; link=&#8221;&#8221; logo=&#8221;1216&#8243;][ts_client title=&#8221;felicitas.com.ua&#8221; link=&#8221;&#8221; logo=&#8221;1201&#8243;][ts_client title=&#8221;bronedveri.com&#8221; link=&#8221;&#8221; logo=&#8221;1186&#8243;][\/vc_column_inner][vc_column_inner offset=&#8221;vc_col-md-1\/5&#8243;][ts_client title=&#8221;pichkar.com.ua&#8221; link=&#8221;&#8221; logo=&#8221;1228&#8243;][ts_client title=&#8221;lido.ua&#8221; link=&#8221;&#8221; logo=&#8221;1213&#8243;][ts_client title=&#8221;dtools.com.ua&#8221; link=&#8221;&#8221; logo=&#8221;1198&#8243;][ts_client title=&#8221;aqua-climate.com.ua&#8221; link=&#8221;&#8221; logo=&#8221;1183&#8243;][\/vc_column_inner][\/vc_row_inner][\/vc_column][\/vc_row][vc_row data_color=&#8221;dark&#8221; use_container=&#8221;yes&#8221;][vc_column][ts_hire_us has_email=&#8221;yes&#8221; tagline=&#8221;\u041f\u0420\u0410\u0426\u042e\u0419\u0422\u0415 \u0417 PRO \u041a\u041e\u041c\u0410\u041d\u0414\u041e\u042e&#8221; title=&#8221;Chcesz mie\u0107 profesjonalny projekt? Porozmawiajmy o tym!&#8221; phone=&#8221;+380 99 37 124 37&#8243; email_address=&#8221;hello@artexgroup.org&#8221;][\/vc_column][\/vc_row][vc_row full_width=&#8221;stretch_row&#8221; css_animation=&#8221;flipInX&#8221; section_background_color=&#8221;#ffffff&#8221; use_container=&#8221;yes&#8221; el_id=&#8221;shop_products&#8221;][vc_column][ts_section_title animate_block=&#8221;yes&#8221; animation_type=&#8221;flipInY&#8221; title=&#8221;\u041e\u0441\u0442\u0430\u043d\u043d\u0454 \u0443 \u043d\u0430\u0448\u043e\u043c\u0443 \u043c\u0430\u0433\u0430\u0437\u0438\u043d\u0456&#8221;]<div class=\"woocommerce columns-4 \"><ul class=\"products columns-4\">\n<li class=\"product type-product post-1374 status-publish first instock product_cat-moduly-imagecms-od-wersji-4-6-do-4-12-1 product_tag-moduly-eksportu product_tag-moduly-integracyjne has-post-thumbnail virtual taxable purchasable product-type-simple\">\n\t<a href=\"https:\/\/artexgroup.org\/pl\/produkt\/kanaly-recenzji-produktow-google-imagecms-2024\/\" class=\"woocommerce-LoopProduct-link woocommerce-loop-product__link\"><img loading=\"lazy\" decoding=\"async\" width=\"300\" height=\"300\" src=\"https:\/\/artexgroup.org\/wp-content\/uploads\/2024\/11\/google-product-review-feeds-300x300.png\" class=\"attachment-woocommerce_thumbnail size-woocommerce_thumbnail\" alt=\"Obraz dla kana\u0142\u00f3w recenzji produkt\u00f3w Google (ImageCMS)\" srcset=\"https:\/\/artexgroup.org\/wp-content\/uploads\/2024\/11\/google-product-review-feeds-300x300.png 300w, https:\/\/artexgroup.org\/wp-content\/uploads\/2024\/11\/google-product-review-feeds-150x150.png 150w, https:\/\/artexgroup.org\/wp-content\/uploads\/2024\/11\/google-product-review-feeds-768x768.png 768w, https:\/\/artexgroup.org\/wp-content\/uploads\/2024\/11\/google-product-review-feeds-600x600.png 600w, https:\/\/artexgroup.org\/wp-content\/uploads\/2024\/11\/google-product-review-feeds-100x100.png 100w, https:\/\/artexgroup.org\/wp-content\/uploads\/2024\/11\/google-product-review-feeds.png 1024w\" sizes=\"auto, (max-width: 300px) 100vw, 300px\" title=\"\"><h2 class=\"woocommerce-loop-product__title\"><span class=\"ez-toc-section\" id=\"Kanaly_recenzji_produktow_Google_ImageCMS_2024\"><\/span>Kana\u0142y recenzji produkt\u00f3w Google (ImageCMS)  [2024]<span class=\"ez-toc-section-end\"><\/span><\/h2><div class=\"star-rating\" role=\"img\" aria-label=\"Oceniono 5.00 na 5\"><span style=\"width:100%\">Oceniono <strong class=\"rating\">5.00<\/strong> na 5<\/span><\/div>\n\t<span class=\"price\"><span class=\"woocommerce-Price-amount amount\"><bdi><span class=\"woocommerce-Price-currencySymbol\">&#36;<\/span>140,00<\/bdi><\/span><\/span>\n<\/a><\/li>\n<li class=\"product type-product post-1376 status-publish instock product_cat-moduly-imagecms-od-wersji-4-6-do-4-12-1 product_tag-moduly-platnosci-imagecms has-post-thumbnail taxable shipping-taxable purchasable product-type-simple\">\n\t<a href=\"https:\/\/artexgroup.org\/pl\/produkt\/modul-platnosci-przez-wayforpay-dla-imagecms\/\" class=\"woocommerce-LoopProduct-link woocommerce-loop-product__link\"><img loading=\"lazy\" decoding=\"async\" width=\"300\" height=\"300\" src=\"https:\/\/artexgroup.org\/wp-content\/uploads\/2024\/11\/wayforpay-1-300x300.png\" class=\"attachment-woocommerce_thumbnail size-woocommerce_thumbnail\" alt=\"\u0417\u043e\u0431\u0440\u0430\u0436\u0435\u043d\u043d\u044f \u0434\u043b\u044f \u041c\u043e\u0434\u0443\u043b\u044c \u043e\u043f\u043b\u0430\u0442\u0438 \u0447\u0435\u0440\u0435\u0437 WayForPay \u0434\u043b\u044f ImageCMS\" srcset=\"https:\/\/artexgroup.org\/wp-content\/uploads\/2024\/11\/wayforpay-1-300x300.png 300w, https:\/\/artexgroup.org\/wp-content\/uploads\/2024\/11\/wayforpay-1-150x150.png 150w, https:\/\/artexgroup.org\/wp-content\/uploads\/2024\/11\/wayforpay-1-768x768.png 768w, https:\/\/artexgroup.org\/wp-content\/uploads\/2024\/11\/wayforpay-1-600x600.png 600w, https:\/\/artexgroup.org\/wp-content\/uploads\/2024\/11\/wayforpay-1-100x100.png 100w, https:\/\/artexgroup.org\/wp-content\/uploads\/2024\/11\/wayforpay-1.png 1024w\" sizes=\"auto, (max-width: 300px) 100vw, 300px\" title=\"\"><h2 class=\"woocommerce-loop-product__title\"><span class=\"ez-toc-section\" id=\"Modul_platnosci_przez_WayForPay_dla_ImageCMS\"><\/span>Modu\u0142 p\u0142atno\u015bci przez WayForPay dla ImageCMS<span class=\"ez-toc-section-end\"><\/span><\/h2><div class=\"star-rating\" role=\"img\" aria-label=\"Oceniono 4.50 na 5\"><span style=\"width:90%\">Oceniono <strong class=\"rating\">4.50<\/strong> na 5<\/span><\/div>\n\t<span class=\"price\"><span class=\"woocommerce-Price-amount amount\"><bdi><span class=\"woocommerce-Price-currencySymbol\">&#36;<\/span>120,00<\/bdi><\/span><\/span>\n<\/a><\/li>\n<li class=\"product type-product post-1469 status-publish instock product_cat-moduly-imagecms-od-wersji-4-6-do-4-12-1 product_tag-moduly-platnosci-imagecms has-post-thumbnail purchasable product-type-simple\">\n\t<a href=\"https:\/\/artexgroup.org\/pl\/produkt\/system-platnosci-monobankowych-imagecms\/\" class=\"woocommerce-LoopProduct-link woocommerce-loop-product__link\"><img loading=\"lazy\" decoding=\"async\" width=\"300\" height=\"300\" src=\"https:\/\/artexgroup.org\/wp-content\/uploads\/2024\/01\/monobank-1-300x300.png\" class=\"attachment-woocommerce_thumbnail size-woocommerce_thumbnail\" alt=\"System p\u0142atno\u015bci Image Monobank (ImageCMS)\" srcset=\"https:\/\/artexgroup.org\/wp-content\/uploads\/2024\/01\/monobank-1-300x300.png 300w, https:\/\/artexgroup.org\/wp-content\/uploads\/2024\/01\/monobank-1-150x150.png 150w, https:\/\/artexgroup.org\/wp-content\/uploads\/2024\/01\/monobank-1-768x768.png 768w, https:\/\/artexgroup.org\/wp-content\/uploads\/2024\/01\/monobank-1-600x600.png 600w, https:\/\/artexgroup.org\/wp-content\/uploads\/2024\/01\/monobank-1-100x100.png 100w, https:\/\/artexgroup.org\/wp-content\/uploads\/2024\/01\/monobank-1.png 1024w\" sizes=\"auto, (max-width: 300px) 100vw, 300px\" title=\"\"><h2 class=\"woocommerce-loop-product__title\"><span class=\"ez-toc-section\" id=\"System_platnosci_monobankowych_ImageCMS\"><\/span>System p\u0142atno\u015bci monobankowych (ImageCMS)<span class=\"ez-toc-section-end\"><\/span><\/h2><div class=\"star-rating\" role=\"img\" aria-label=\"Oceniono 5.00 na 5\"><span style=\"width:100%\">Oceniono <strong class=\"rating\">5.00<\/strong> na 5<\/span><\/div>\n\t<span class=\"price\"><span class=\"woocommerce-Price-amount amount\"><bdi><span class=\"woocommerce-Price-currencySymbol\">&#36;<\/span>120,00<\/bdi><\/span><\/span>\n<\/a><\/li>\n<li class=\"product type-product post-1467 status-publish last instock product_cat-moduly-imagecms-od-wersji-4-6-do-4-12-1 has-post-thumbnail purchasable product-type-simple\">\n\t<a href=\"https:\/\/artexgroup.org\/pl\/produkt\/baner-na-liscie-produktow-dla-imagecms\/\" class=\"woocommerce-LoopProduct-link woocommerce-loop-product__link\"><img loading=\"lazy\" decoding=\"async\" width=\"300\" height=\"300\" src=\"https:\/\/artexgroup.org\/wp-content\/uploads\/2024\/01\/banner-imagecms-300x300.png\" class=\"attachment-woocommerce_thumbnail size-woocommerce_thumbnail\" alt=\"Baner na li\u015bcie produkt\u00f3w\" srcset=\"https:\/\/artexgroup.org\/wp-content\/uploads\/2024\/01\/banner-imagecms-300x300.png 300w, https:\/\/artexgroup.org\/wp-content\/uploads\/2024\/01\/banner-imagecms-100x100.png 100w, https:\/\/artexgroup.org\/wp-content\/uploads\/2024\/01\/banner-imagecms-600x600.png 600w, https:\/\/artexgroup.org\/wp-content\/uploads\/2024\/01\/banner-imagecms.png 1801w\" sizes=\"auto, (max-width: 300px) 100vw, 300px\" title=\"\"><h2 class=\"woocommerce-loop-product__title\"><span class=\"ez-toc-section\" id=\"Baner_na_liscie_produktow_dla_ImageCMS\"><\/span>Baner na li\u015bcie produkt\u00f3w dla ImageCMS<span class=\"ez-toc-section-end\"><\/span><\/h2><div class=\"star-rating\" role=\"img\" aria-label=\"Oceniono 4.50 na 5\"><span style=\"width:90%\">Oceniono <strong class=\"rating\">4.50<\/strong> na 5<\/span><\/div>\n\t<span class=\"price\"><span class=\"woocommerce-Price-amount amount\"><bdi><span class=\"woocommerce-Price-currencySymbol\">&#36;<\/span>24,00<\/bdi><\/span><\/span>\n<\/a><\/li>\n<\/ul>\n<\/div>[ts_section_title title=&#8221;\u0422\u0430\u043a\u043e\u0436 \u0443 \u043d\u0430\u0441 \u043c\u043e\u0436\u043d\u0430 \u043f\u043e\u0447\u0438\u0442\u0430\u0442\u0438&#8221; tagline=&#8221;\u0434\u0456\u0437\u043d\u0430\u0439\u0442\u0435\u0441\u044c \u0449\u043e\u0441\u044c \u043a\u043e\u0440\u0438\u0441\u043d\u0435&#8221;][vc_basic_grid post_type=&#8221;post&#8221; max_items=&#8221;6&#8243; style=&#8221;load-more&#8221; items_per_page=&#8221;18&#8243; css=&#8221;&#8221; grid_id=&#8221;vc_gid:1743518964194-86b68abe-fb9b-6&#8243; taxonomies=&#8221;66, 28, 65, 77, 76&#8243;][\/vc_column][\/vc_row][vc_row disable_element=&#8221;yes&#8221;][vc_column][vc_column_text css=&#8221;&#8221;][trustindex data-widget-id=&#8221;2cf361c4389664444f16e78a5ca&#8221;][\/vc_column_text][\/vc_column][\/vc_row]<\/p>\n<\/div>","protected":false},"excerpt":{"rendered":"<p>[vc_row content_placement=&#8221;middle&#8221; css_animation=&#8221;rollIn&#8221;][vc_column width=&#8221;1\/5&#8243;][ts_awards logo=&#8221;1596&#8243; title=&#8221;Tworzymy w PHP&#8221; tagline=&#8221;\u0442\u0430 \u0444\u0440\u0435\u0439\u043c\u0432\u043e\u0440\u043a\u0430\u0445&#8221;][\/vc_column][vc_column width=&#8221;1\/5&#8243;][ts_awards logo=&#8221;1613&#8243; title=&#8221;Codeigniter&#8221; tagline=&#8221;\u0431\u0456\u043b\u044c\u0448\u0435 10 \u0440\u043e\u043a\u0456\u0432 \u0434\u043e\u0441\u0432\u0456\u0434\u0443&#8221;][\/vc_column][vc_column width=&#8221;1\/5&#8243;][ts_awards logo=&#8221;1616&#8243; title=&#8221;Javascript&#8221;][\/vc_column][vc_column width=&#8221;1\/5&#8243;][ts_awards logo=&#8221;1633&#8243; title=&#8221;Wordpress&#8221; tagline=&#8221;wordpress \u0442\u0430 woocommerce&#8221;][\/vc_column][vc_column width=&#8221;1\/5&#8243;][ts_awards logo=&#8221;1643&#8243; title=&#8221;Integracja interfejsu API&#8221; tagline=&#8221;\u0430\u043a\u0442\u0438\u0432\u043d\u043e \u0432\u0438\u043a\u043e\u0440\u0438\u0441\u0442\u043e\u0432\u0443\u0454\u043c\u043e API&#8221;][\/vc_column][\/vc_row][vc_row motts_theme_padding=&#8221;no&#8221;][vc_column][ts_agensy_video video_url=&#8221;\/wp-content\/uploads\/2020\/03\/video2-1.mp4&#8243;][\/vc_column][\/vc_row][vc_row css_animation=&#8221;fadeIn&#8221; use_container=&#8221;yes&#8221; use_predefined_class=&#8221;yes&#8221;][vc_column][ts_text_content_block text_content=&#8221; DIGITAL \u0440\u0456\u0448\u0435\u043d\u043d\u044f \u0434\u043b\u044f \u0431\u0456\u0437\u043d\u0435\u0441\u0443 \u041f\u0440\u0438\u0432\u0456\u0442 \u0441\u0432\u0456\u0442! \u041d\u0430\u0448\u0430 \u043c\u0456\u0441\u0456\u044f &#8211; \u0441\u0442\u0432\u043e\u0440\u0435\u043d\u043d\u044f \u043f\u0440\u043e\u0434\u0443\u043a\u0442\u0456\u0432, \u044f\u043a\u0456 \u043f\u0440\u0438\u043d\u043e\u0441\u044f\u0442\u044c \u043d\u0435 \u043b\u0438\u0448\u0435 [&hellip;]<\/p>\n","protected":false},"author":1,"featured_media":0,"parent":0,"menu_order":0,"comment_status":"closed","ping_status":"closed","template":"page-portfolio.php","meta":{"footnotes":""},"class_list":["post-1412","page","type-page","status-publish","hentry"],"_links":{"self":[{"href":"https:\/\/artexgroup.org\/pl\/wp-json\/wp\/v2\/pages\/1412","targetHints":{"allow":["GET"]}}],"collection":[{"href":"https:\/\/artexgroup.org\/pl\/wp-json\/wp\/v2\/pages"}],"about":[{"href":"https:\/\/artexgroup.org\/pl\/wp-json\/wp\/v2\/types\/page"}],"author":[{"embeddable":true,"href":"https:\/\/artexgroup.org\/pl\/wp-json\/wp\/v2\/users\/1"}],"replies":[{"embeddable":true,"href":"https:\/\/artexgroup.org\/pl\/wp-json\/wp\/v2\/comments?post=1412"}],"version-history":[{"count":0,"href":"https:\/\/artexgroup.org\/pl\/wp-json\/wp\/v2\/pages\/1412\/revisions"}],"wp:attachment":[{"href":"https:\/\/artexgroup.org\/pl\/wp-json\/wp\/v2\/media?parent=1412"}],"curies":[{"name":"wp","href":"https:\/\/api.w.org\/{rel}","templated":true}]}}