{"id":1376,"date":"2024-11-11T11:03:23","date_gmt":"2024-11-11T09:03:23","guid":{"rendered":"https:\/\/artexgroup.org\/product\/modul-platnosci-przez-wayforpay-dla-imagecms\/"},"modified":"2026-04-22T16:20:31","modified_gmt":"2026-04-22T14:20:31","slug":"modul-platnosci-przez-wayforpay-dla-imagecms","status":"publish","type":"product","link":"https:\/\/artexgroup.org\/pl\/produkt\/modul-platnosci-przez-wayforpay-dla-imagecms\/","title":{"rendered":"Modu\u0142 p\u0142atno\u015bci przez WayForPay dla ImageCMS"},"content":{"rendered":"<div class=\"module-description\">\n<h1>Modu\u0142 p\u0142atno\u015bci przez WayForPay dla ImageCMS<\/h1>\n<p>Integracja p\u0142atno\u015bci online w witrynie staje si\u0119 \u0142atwa i wydajna dzi\u0119ki <strong>modu\u0142owi WayForPay dla ImageCMS<\/strong>. Rozwi\u0105zanie to zapewnia szybk\u0105, bezpieczn\u0105 i wygodn\u0105 akceptacj\u0119 p\u0142atno\u015bci, zwi\u0119kszaj\u0105c zadowolenie klient\u00f3w i optymalizuj\u0105c procesy biznesowe. <\/p>\n<h2>Kluczowe cechy modu\u0142u WayForPay dla ImageCMS<\/h2>\n<ul>\n<li><strong>P\u0142atno\u015b\u0107 jednym klikni\u0119ciem:<\/strong> stali klienci mog\u0105 dokonywa\u0107 powtarzaj\u0105cych si\u0119 zakup\u00f3w bez ponownego wprowadzania szczeg\u00f3\u0142\u00f3w p\u0142atno\u015bci, co przyspiesza proces p\u0142atno\u015bci.<\/li>\n<li><strong>Regularne p\u0142atno\u015bci:<\/strong> skonfiguruj automatyczne obci\u0105\u017cenia za po\u015brednictwem Google Pay, Apple Pay lub karty bankowej, co jest wygodne w przypadku us\u0142ug subskrypcyjnych.<\/li>\n<li><strong>Wstrzymywanie \u015brodk\u00f3w:<\/strong> blokowanie kwoty na karcie klienta do czasu udost\u0119pnienia towar\u00f3w lub wykonania us\u0142ugi, co zapewnia elastyczno\u015b\u0107 w pracy z zam\u00f3wieniami.<\/li>\n<li><strong>System antyfraudowy:<\/strong> wielopoziomowa ochrona przed nieuczciwymi transakcjami, kt\u00f3ra gwarantuje bezpiecze\u0144stwo transakcji.<\/li>\n<li>Zwroty<strong>:<\/strong> mo\u017cliwo\u015b\u0107 pe\u0142nego lub cz\u0119\u015bciowego zwrotu p\u0142atno\u015bci za po\u015brednictwem konta osobistego lub aplikacji mobilnej.<\/li>\n<li><strong>P\u0142atno\u015bci mi\u0119dzynarodowe:<\/strong> akceptuje p\u0142atno\u015bci kartami Visa i MasterCard z dowolnego kraju na \u015bwiecie, z wyj\u0105tkiem Rosji i Bia\u0142orusi.<\/li>\n<li><strong>Responsywna strona p\u0142atno\u015bci:<\/strong> dostosowanie schematu kolor\u00f3w, motywu, dodatkowych p\u00f3l i logo w celu zapewnienia wygody u\u017cytkownikom na dowolnym urz\u0105dzeniu.<\/li>\n<li><strong>Kurs konwersji:<\/strong> ustaw w\u0142asny kurs dla p\u0142atno\u015bci zagranicznych lub u\u017cyj kursu bankowego dla wymaganych walut.<\/li>\n<li><strong>Integracje:<\/strong> kompatybilno\u015b\u0107 z r\u00f3\u017cnymi us\u0142ugami w celu optymalizacji proces\u00f3w biznesowych.<\/li>\n<li><strong>Serwis i wsparcie:<\/strong> ca\u0142odobowe wsparcie dla Ciebie i Twoich klient\u00f3w przez siedem dni w tygodniu.<\/li>\n<li><strong>Zwrot:<\/strong> zaksi\u0119gowanie \u015brodk\u00f3w na rachunku w dowolnym ukrai\u0144skim banku.<\/li>\n<li><strong>Przejrzysty interfejs API:<\/strong> szczeg\u00f3\u0142owa dokumentacja umo\u017cliwiaj\u0105ca integracj\u0119 us\u0142ugi ze stron\u0105 internetow\u0105 lub aplikacj\u0105 mobiln\u0105.<\/li>\n<li><strong>Promocje i kody promocyjne:<\/strong> tworzenie rabat\u00f3w i kod\u00f3w promocyjnych w celu zwi\u0119kszenia sprzeda\u017cy.<\/li>\n<li><strong>Raporty:<\/strong> skonfiguruj szczeg\u00f3\u0142owe raporty dotycz\u0105ce p\u0142atno\u015bci i sklep\u00f3w.<\/li>\n<li><strong>Kontrola p\u0142atno\u015bci:<\/strong> monitorowanie transakcji za po\u015brednictwem konta osobistego, aplikacji mobilnej lub bota Telegram.<\/li>\n<li><strong>Elektroniczne zarz\u0105dzanie dokumentami:<\/strong> podpisywanie um\u00f3w i certyfikat\u00f3w uko\u0144czenia online bez zb\u0119dnej papierkowej roboty.<\/li>\n<\/ul>\n<p><img loading=\"lazy\" decoding=\"async\" class=\"aligncenter size-full wp-image-1329\" src=\"https:\/\/artexgroup.org\/wp-content\/uploads\/2024\/11\/wayforpay_logo_black.png\" alt=\"Logo WayForPay\" width=\"300\" height=\"62\" title=\"\"><\/p>\n<h2>Korzy\u015bci z korzystania z modu\u0142u WayForPay dla Twojej firmy<\/h2>\n<ul>\n<li><strong>Zwi\u0119kszenie wsp\u00f3\u0142czynnika konwersji:<\/strong> wygodne i szybkie metody p\u0142atno\u015bci pomagaj\u0105 zwi\u0119kszy\u0107 liczb\u0119 udanych transakcji.<\/li>\n<li><strong>Ni\u017csze koszty:<\/strong> korzystne warunki nabycia i brak ukrytych op\u0142at optymalizuj\u0105 wydatki finansowe.<\/li>\n<li><strong>Lepsza obs\u0142uga klienta:<\/strong> szybkie zwroty i responsywna strona p\u0142atno\u015bci zwi\u0119kszaj\u0105 lojalno\u015b\u0107 klient\u00f3w.<\/li>\n<\/ul>\n<p><img loading=\"lazy\" decoding=\"async\" class=\"aligncenter size-large wp-image-1332\" src=\"https:\/\/artexgroup.org\/wp-content\/uploads\/2024\/11\/wayforpay_cabinet-1024x590.png\" alt=\"Zrzut ekranu konta osobistego\" width=\"640\" height=\"369\" title=\"\" srcset=\"https:\/\/artexgroup.org\/wp-content\/uploads\/2024\/11\/wayforpay_cabinet-1024x590.png 1024w, https:\/\/artexgroup.org\/wp-content\/uploads\/2024\/11\/wayforpay_cabinet-300x173.png 300w, https:\/\/artexgroup.org\/wp-content\/uploads\/2024\/11\/wayforpay_cabinet-768x442.png 768w, https:\/\/artexgroup.org\/wp-content\/uploads\/2024\/11\/wayforpay_cabinet-1536x885.png 1536w, https:\/\/artexgroup.org\/wp-content\/uploads\/2024\/11\/wayforpay_cabinet-2048x1180.png 2048w, https:\/\/artexgroup.org\/wp-content\/uploads\/2024\/11\/wayforpay_cabinet-600x346.png 600w\" sizes=\"auto, (max-width: 640px) 100vw, 640px\" \/><\/p>\n<h2>Jak zainstalowa\u0107 modu\u0142 WayForPay dla ImageCMS?<\/h2>\n<p>Proces integracji modu\u0142u jest tak prosty, jak to tylko mo\u017cliwe:<\/p>\n<ol>\n<li>Zakup modu\u0142 na naszej stronie internetowej.<\/li>\n<li>Zainstaluj przez panel administracyjny ImageCMS.<\/li>\n<li>Skonfiguruj klucze API i parametry zgodnie z dokumentacj\u0105 WayForPay.<\/li>\n<li>Sprawd\u017a funkcjonalno\u015b\u0107 modu\u0142u, przeprowadzaj\u0105c transakcje testowe.<\/li>\n<\/ol>\n<p><span style=\"color: #ff0000;\"><em>Instalacja wszystkich naszych modu\u0142\u00f3w jest bezp\u0142atna.<\/em><\/span><\/p>\n<h2>Wnioski<\/h2>\n<p>Modu\u0142 WayForPay dla ImageCMS to nowoczesne rozwi\u0105zanie do sprawnej akceptacji p\u0142atno\u015bci online. Dzi\u0119ki szerokiej gamie funkcji, elastycznym ustawieniom i niezawodnym zabezpieczeniom, modu\u0142 ten stanie si\u0119 niezawodnym narz\u0119dziem do rozwoju Twojej firmy. Pod\u0142\u0105cz <strong>modu\u0142<\/strong> WayForPay ju\u017c dzi\u015b i poznaj wszystkie jego zalety! <\/p>\n<\/div>\n","protected":false},"excerpt":{"rendered":"<p>Integracja p\u0142atno\u015bci online w witrynie staje si\u0119 \u0142atwa i wydajna dzi\u0119ki <strong>modu\u0142owi WayForPay dla ImageCMS<\/strong>. Rozwi\u0105zanie to zapewnia szybk\u0105, bezpieczn\u0105 i wygodn\u0105 akceptacj\u0119 p\u0142atno\u015bci, zwi\u0119kszaj\u0105c zadowolenie klient\u00f3w i optymalizuj\u0105c procesy biznesowe. <\/p>\n","protected":false},"featured_media":1345,"comment_status":"open","ping_status":"closed","template":"","meta":[],"product_brand":[],"product_cat":[44],"product_tag":[96],"class_list":{"0":"post-1376","1":"product","2":"type-product","3":"status-publish","4":"has-post-thumbnail","6":"product_cat-imagecms-modules","7":"product_tag-moduli-oplaty-imagecms","9":"first","10":"instock","11":"taxable","12":"shipping-taxable","13":"purchasable","14":"product-type-simple"},"_links":{"self":[{"href":"https:\/\/artexgroup.org\/pl\/wp-json\/wp\/v2\/product\/1376","targetHints":{"allow":["GET"]}}],"collection":[{"href":"https:\/\/artexgroup.org\/pl\/wp-json\/wp\/v2\/product"}],"about":[{"href":"https:\/\/artexgroup.org\/pl\/wp-json\/wp\/v2\/types\/product"}],"replies":[{"embeddable":true,"href":"https:\/\/artexgroup.org\/pl\/wp-json\/wp\/v2\/comments?post=1376"}],"wp:featuredmedia":[{"embeddable":true,"href":"https:\/\/artexgroup.org\/pl\/wp-json\/wp\/v2\/media\/1345"}],"wp:attachment":[{"href":"https:\/\/artexgroup.org\/pl\/wp-json\/wp\/v2\/media?parent=1376"}],"wp:term":[{"taxonomy":"product_brand","embeddable":true,"href":"https:\/\/artexgroup.org\/pl\/wp-json\/wp\/v2\/product_brand?post=1376"},{"taxonomy":"product_cat","embeddable":true,"href":"https:\/\/artexgroup.org\/pl\/wp-json\/wp\/v2\/product_cat?post=1376"},{"taxonomy":"product_tag","embeddable":true,"href":"https:\/\/artexgroup.org\/pl\/wp-json\/wp\/v2\/product_tag?post=1376"}],"curies":[{"name":"wp","href":"https:\/\/api.w.org\/{rel}","templated":true}]}}