{"id":1379,"date":"2024-01-21T16:45:36","date_gmt":"2024-01-21T14:45:36","guid":{"rendered":"https:\/\/artexgroup.org\/product\/eksport-do-marketplaceow-dla-imagecms\/"},"modified":"2024-11-22T11:16:26","modified_gmt":"2024-11-22T09:16:26","slug":"eksport-do-marketplaceow-dla-imagecms","status":"publish","type":"product","link":"https:\/\/artexgroup.org\/pl\/produkt\/eksport-do-marketplaceow-dla-imagecms\/","title":{"rendered":"Eksport do marketplace&#8217;\u00f3w dla ImageCMS"},"content":{"rendered":"<div class=\"module-description\">\n<h1>Modu\u0142 Eksport do marketplace&#8217;\u00f3w dla ImageCMS<\/h1>\n<p>Rozszerzenie sklepu internetowego na nowe platformy jest kluczowym krokiem w kierunku zwi\u0119kszenia sprzeda\u017cy i poszerzenia grona odbiorc\u00f3w.<br \/>\nDzi\u0119ki <strong>modu\u0142owi Export to Marketplaces dla ImageCMS<\/strong>, Tw\u00f3j sklep mo\u017ce automatycznie generowa\u0107 kana\u0142y XML dla popularnych marketplaces i agregator\u00f3w cen, co znacznie upraszcza proces integracji. <\/p>\n<h2>Jak dzia\u0142a modu\u0142?<\/h2>\n<p><strong>Modu\u0142 Export to Marketplaces<\/strong> umo\u017cliwia automatyczne tworzenie plik\u00f3w XML spe\u0142niaj\u0105cych wymagania techniczne takich platform jak <a href=\"https:\/\/merchants.google.com\" target=\"_blank\" rel=\"nofollow noopener\" data-schema-attribute=\"about\"><strong>Google Merchant<\/strong><\/a>, Prom UA, Rozetka UA, EpicentrK, Hotline, Price UA, Facebook store, SkidkaUa i Tabletki.ua. Wszystkie dane produkt\u00f3w ze sklepu s\u0105 eksportowane w wybranym formacie, co pozwala na szybk\u0105 i dok\u0142adn\u0105 integracj\u0119 asortymentu z platformami innych firm.<\/p>\n<h2>Zalety modu\u0142u<\/h2>\n<ul>\n<li><strong>Szeroka gama platform handlowych:<\/strong> wsparcie dla wszystkich popularnych ukrai\u0144skich i mi\u0119dzynarodowych platform.<\/li>\n<li><strong>Automatyzacja proces\u00f3w:<\/strong> modu\u0142 automatycznie tworzy i aktualizuje kana\u0142y, co pozwala zaoszcz\u0119dzi\u0107 czas.<\/li>\n<li><strong>Integracja z ImageCMS:<\/strong> modu\u0142 jest w pe\u0142ni kompatybilny z systemem zarz\u0105dzania ImageCMS, co zapewnia bezproblemowe dzia\u0142anie.<\/li>\n<li><strong>Elastyczne ustawienia:<\/strong> mo\u017cesz wybra\u0107 kategorie i marki do eksportu, co pozwala dostosowa\u0107 kana\u0142y do potrzeb okre\u015blonych rynk\u00f3w.<\/li>\n<li><strong>Rozszerzenia dostosowane do Twoich potrzeb:<\/strong> mo\u017cliwo\u015b\u0107 dostosowania modu\u0142u do innych rynk\u00f3w lub dostosowania go do unikalnych rozwi\u0105za\u0144.<\/li>\n<\/ul>\n<h2>Kompatybilno\u015b\u0107 z wiod\u0105cymi platformami<\/h2>\n<p>Modu\u0142 obs\u0142uguje prac\u0119 ze wszystkimi g\u0142\u00f3wnymi platformami handlowymi, w tym:<\/p>\n<ul>\n<li>Google Merchant<\/li>\n<li>Prom.ua<\/li>\n<li>Rozetka.ua<\/li>\n<li>EpicentrK<\/li>\n<li>Hotline.ua<\/li>\n<li>Price.ua<\/li>\n<li>Sklep na Facebooku<\/li>\n<li>Skidka.ua<\/li>\n<li>Tabletki.ua<\/li>\n<\/ul>\n<p>Zapewnia to maksymalny zasi\u0119g grupy docelowej na r\u00f3\u017cnych platformach.<\/p>\n<h2>Jak zintegrowa\u0107 modu\u0142?<\/h2>\n<p>Modu\u0142 jest instalowany i konfigurowany zgodnie z potrzebami u\u017cytkownika.<br \/>\nNasz zesp\u00f3\u0142 pomo\u017ce w szybkiej integracji i konfiguracji zgodnie z wymaganiami ka\u017cdego rynku. <\/p>\n<h3>Kroki integracji:<\/h3>\n<ol>\n<li>Zakup modu\u0142 na naszej stronie internetowej lub skontaktuj si\u0119 z nami w celu uzyskania porady.<\/li>\n<li>Nasi specjali\u015bci zainstaluj\u0105 i skonfiguruj\u0105 modu\u0142 dla Twojej platformy ImageCMS.<\/li>\n<li>Sprawd\u017a, czy modu\u0142 dzia\u0142a poprawnie i ciesz si\u0119 jego zaletami.<\/li>\n<\/ol>\n<h2>Elastyczne warunki wsp\u00f3\u0142pracy<\/h2>\n<p>Oferujemy r\u00f3\u017cne pakiety kana\u0142\u00f3w dla marketplace&#8217;\u00f3w.<br \/>\nMo\u017cesz wybra\u0107 gotowe rozwi\u0105zanie lub zam\u00f3wi\u0107 dostosowanie do swojej platformy.<br \/>\nAby uzyska\u0107 wi\u0119cej informacji, prosimy o kontakt pod adresem <a href=\"mailto:office@atexgroup.com.ua\">office@atexgroup.com.ua.<\/a>  <\/p>\n<h2>Wnioski<\/h2>\n<p><strong>Modu\u0142 Export to Marketplaces dla ImageCMS<\/strong> jest niezb\u0119dnym narz\u0119dziem dla ka\u017cdego sklepu internetowego, kt\u00f3ry chce rozszerzy\u0107 swoj\u0105 obecno\u015b\u0107 na rynku.<br \/>\nAutomatyzuj\u0105c proces eksportu, mo\u017cesz skupi\u0107 si\u0119 na rozwoju biznesu, pozostawiaj\u0105c szczeg\u00f3\u0142y techniczne naszemu modu\u0142owi.<br \/>\nZam\u00f3w <strong>modu\u0142<\/strong> ju\u017c dzi\u015b, a nasz zesp\u00f3\u0142 pomo\u017ce Ci zintegrowa\u0107 go z Twoim sklepem, aby uzyska\u0107 maksymalne wyniki! <\/p>\n<\/div>\n","protected":false},"excerpt":{"rendered":"<p>Dzi\u0119ki <strong>modu\u0142owi Export to Marketplaces dla ImageCMS<\/strong>, Tw\u00f3j sklep mo\u017ce automatycznie generowa\u0107 kana\u0142y XML dla popularnych marketplaces i agregator\u00f3w cen, co znacznie upraszcza proces integracji.<\/p>\n","protected":false},"featured_media":831,"comment_status":"open","ping_status":"closed","template":"","meta":[],"product_brand":[],"product_cat":[97],"product_tag":[105,106],"class_list":{"0":"post-1379","1":"product","2":"type-product","3":"status-publish","4":"has-post-thumbnail","6":"product_cat-moduly-imagecms-od-wersji-4-6-do-4-12-1","7":"product_tag-moduly-eksportu","8":"product_tag-moduly-integracyjne","10":"first","11":"instock","12":"purchasable","13":"product-type-simple"},"_links":{"self":[{"href":"https:\/\/artexgroup.org\/pl\/wp-json\/wp\/v2\/product\/1379","targetHints":{"allow":["GET"]}}],"collection":[{"href":"https:\/\/artexgroup.org\/pl\/wp-json\/wp\/v2\/product"}],"about":[{"href":"https:\/\/artexgroup.org\/pl\/wp-json\/wp\/v2\/types\/product"}],"replies":[{"embeddable":true,"href":"https:\/\/artexgroup.org\/pl\/wp-json\/wp\/v2\/comments?post=1379"}],"wp:featuredmedia":[{"embeddable":true,"href":"https:\/\/artexgroup.org\/pl\/wp-json\/wp\/v2\/media\/831"}],"wp:attachment":[{"href":"https:\/\/artexgroup.org\/pl\/wp-json\/wp\/v2\/media?parent=1379"}],"wp:term":[{"taxonomy":"product_brand","embeddable":true,"href":"https:\/\/artexgroup.org\/pl\/wp-json\/wp\/v2\/product_brand?post=1379"},{"taxonomy":"product_cat","embeddable":true,"href":"https:\/\/artexgroup.org\/pl\/wp-json\/wp\/v2\/product_cat?post=1379"},{"taxonomy":"product_tag","embeddable":true,"href":"https:\/\/artexgroup.org\/pl\/wp-json\/wp\/v2\/product_tag?post=1379"}],"curies":[{"name":"wp","href":"https:\/\/api.w.org\/{rel}","templated":true}]}}