{"id":1467,"date":"2024-01-21T16:45:53","date_gmt":"2024-01-21T14:45:53","guid":{"rendered":"https:\/\/artexgroup.org\/product\/baner-na-liscie-produktow-dla-imagecms\/"},"modified":"2026-04-08T01:01:02","modified_gmt":"2026-04-07T23:01:02","slug":"baner-na-liscie-produktow-dla-imagecms","status":"publish","type":"product","link":"https:\/\/artexgroup.org\/pl\/produkt\/baner-na-liscie-produktow-dla-imagecms\/","title":{"rendered":"Baner na li\u015bcie produkt\u00f3w dla ImageCMS"},"content":{"rendered":"<div class=\"module-description\">\n<h1>Modu\u0142 banera na li\u015bcie produkt\u00f3w dla ImageCMS<\/h1>\n<p>W \u015bwiecie nowoczesnego e-commerce wa\u017cne jest nie tylko przyci\u0105gni\u0119cie uwagi klient\u00f3w, ale tak\u017ce efektywne zarz\u0105dzanie ich \u015bcie\u017ck\u0105 zakupow\u0105. <strong>Modu\u0142 Banner in Product Listing dla ImageCMS<\/strong> pomaga rozwi\u0105za\u0107 ten problem, umo\u017cliwiaj\u0105c dodawanie baner\u00f3w w okre\u015blonych miejscach na stronach kategorii. Jest to pot\u0119\u017cne narz\u0119dzie do zwi\u0119kszania zaanga\u017cowania klient\u00f3w i promowania ofert promocyjnych, poszczeg\u00f3lnych produkt\u00f3w lub markowych kategorii.  <\/p>\n<h2>G\u0142\u00f3wne cechy modu\u0142u<\/h2>\n<ul>\n<li><strong>Dynamiczne rozmieszczanie baner\u00f3w:<\/strong> Mo\u017cesz okre\u015bli\u0107 dok\u0142adn\u0105 pozycj\u0119 baner\u00f3w w kafelku produktu.<\/li>\n<li><strong>Elastyczne ustawienia:<\/strong> Ty wybierasz, na kt\u00f3rych stronach kategorii b\u0119dzie wy\u015bwietlany baner.<\/li>\n<li><strong>Spersonalizowane linki:<\/strong> Ka\u017cdy baner mo\u017ce prowadzi\u0107 do okre\u015blonej kategorii, produktu lub strony statycznej.<\/li>\n<li><strong>Statystyki klikni\u0119\u0107:<\/strong> Panel administracyjny modu\u0142u udost\u0119pnia szczeg\u00f3\u0142owe raporty dotycz\u0105ce liczby klikni\u0119\u0107 w poszczeg\u00f3lne banery, co pozwala oceni\u0107 skuteczno\u015b\u0107 kampanii reklamowych.<\/li>\n<\/ul>\n<h2>Integracja z ImageCMS<\/h2>\n<p>Modu\u0142 zosta\u0142 zaprojektowany specjalnie dla <strong>ImageCMS<\/strong>, co gwarantuje bezb\u0142\u0119dn\u0105 integracj\u0119 i stabilne dzia\u0142anie. Prosty interfejs pozwala szybko skonfigurowa\u0107 banery bez konieczno\u015bci anga\u017cowania programist\u00f3w. Ze wzgl\u0119du na modu\u0142ow\u0105 struktur\u0119 systemu, banery organicznie dopasowuj\u0105 si\u0119 do projektu sklepu internetowego.  <\/p>\n<h2>Jak dzia\u0142a modu\u0142?<\/h2>\n<p>Proces konfiguracji banera jest niezwykle prosty. W panelu administracyjnym okre\u015blasz lokalizacj\u0119 banera, dodajesz obraz, ustawiasz link i wybierasz kategorie, w kt\u00f3rych b\u0119dzie wy\u015bwietlany. Jest to idealne rozwi\u0105zanie dla:  <\/p>\n<ul>\n<li>Promocja nowych lub promocyjnych produkt\u00f3w.<\/li>\n<li>Przyci\u0105ganie klient\u00f3w ofertami specjalnymi lub rabatami sezonowymi.<\/li>\n<li>Usprawnij nawigacj\u0119 w witrynie, kieruj\u0105c odwiedzaj\u0105cych do popularnych kategorii.<\/li>\n<\/ul>\n<p><img loading=\"lazy\" decoding=\"async\" class=\"aligncenter size-large wp-image-479\" src=\"https:\/\/artexgroup.org\/wp-content\/uploads\/2024\/01\/2-5-scaled-1-1024x499.jpeg\" alt=\"\" width=\"640\" height=\"312\" title=\"\" srcset=\"https:\/\/artexgroup.org\/wp-content\/uploads\/2024\/01\/2-5-scaled-1-1024x499.jpeg 1024w, https:\/\/artexgroup.org\/wp-content\/uploads\/2024\/01\/2-5-scaled-1-600x293.jpeg 600w, https:\/\/artexgroup.org\/wp-content\/uploads\/2024\/01\/2-5-scaled-1-300x146.jpeg 300w, https:\/\/artexgroup.org\/wp-content\/uploads\/2024\/01\/2-5-scaled-1-768x374.jpeg 768w, https:\/\/artexgroup.org\/wp-content\/uploads\/2024\/01\/2-5-scaled-1-1536x749.jpeg 1536w, https:\/\/artexgroup.org\/wp-content\/uploads\/2024\/01\/2-5-scaled-1-2048x998.jpeg 2048w\" sizes=\"auto, (max-width: 640px) 100vw, 640px\" \/><\/p>\n<h2>Zalety u\u017cytkowania<\/h2>\n<ul>\n<li><strong>Zwi\u0119ksz wsp\u00f3\u0142czynnik konwersji:<\/strong> Zwr\u00f3\u0107 uwag\u0119 na wa\u017cne produkty lub oferty, zach\u0119caj\u0105c do zakup\u00f3w.<\/li>\n<li><strong>Elastyczno\u015b\u0107 ustawie\u0144:<\/strong> Banery mo\u017cna \u0142atwo dostosowa\u0107 do cel\u00f3w biznesowych.<\/li>\n<li><strong>Szybka analiza:<\/strong> Uzyskaj natychmiastowe dane na temat wsp\u00f3\u0142czynnik\u00f3w klikalno\u015bci baner\u00f3w, aby zoptymalizowa\u0107 swoje strategie.<\/li>\n<li><strong>Lepsze do\u015bwiadczenie u\u017cytkownika:<\/strong> Nawigacja staje si\u0119 bardziej przejrzysta i intuicyjna.<\/li>\n<\/ul>\n<h2>Aspekty SEO i wp\u0142yw na widoczno\u015b\u0107<\/h2>\n<p>Dodanie baner\u00f3w do listy produkt\u00f3w nie tylko poprawia wygl\u0105d stron, ale tak\u017ce pomaga zwi\u0119kszy\u0107 <strong>wydajno\u015b\u0107 SEO<\/strong>. Banery prowadz\u0105ce do wa\u017cnych stron zwi\u0119kszaj\u0105 linkowanie wewn\u0119trzne, co ma pozytywny wp\u0142yw na rankingi witryny. W zwi\u0105zku z tym mo\u017ce to prowadzi\u0107 do zwi\u0119kszenia ruchu organicznego i poprawy czynnik\u00f3w behawioralnych, takich jak czas sp\u0119dzony na stronie i g\u0142\u0119boko\u015b\u0107 przegl\u0105dania.  <\/p>\n<h2>Jak rozpocz\u0105\u0107 korzystanie z modu\u0142u?<\/h2>\n<ol>\n<li>Zakup modu\u0142 na naszej stronie internetowej lub skontaktuj si\u0119 z naszym zespo\u0142em pomocy technicznej w celu uzyskania porady.<\/li>\n<li>Nasi eksperci pomog\u0105 w instalacji i konfiguracji modu\u0142u.<\/li>\n<li>Po skonfigurowaniu b\u0119dziesz m\u00f3g\u0142 samodzielnie tworzy\u0107 banery, analizowa\u0107 ich skuteczno\u015b\u0107 i ulepsza\u0107 sw\u00f3j sklep internetowy.<\/li>\n<\/ol>\n<h2>Dlaczego warto nas wybra\u0107?<\/h2>\n<p><strong>ARTEXgroup<\/strong> oferuje najlepsze rozwi\u0105zania do optymalizacji biznesu. Zapewniamy pe\u0142ne wsparcie, szybk\u0105 konfiguracj\u0119 i regularne aktualizacje naszych modu\u0142\u00f3w, aby\u015b by\u0142 o krok przed konkurencj\u0105. <\/p>\n<h2>Wnioski<\/h2>\n<p><strong>Modu\u0142 Banner dla ImageCMS<\/strong> to skuteczny spos\u00f3b na zwi\u0119kszenie atrakcyjno\u015bci i funkcjonalno\u015bci sklepu internetowego. Dzi\u0119ki niemu mo\u017cesz nie tylko zwi\u0119kszy\u0107 widoczno\u015b\u0107 wa\u017cnych produkt\u00f3w, ale tak\u017ce podnie\u015b\u0107 poziom interakcji u\u017cytkownik\u00f3w z Twoj\u0105 witryn\u0105. Zam\u00f3w modu\u0142 ju\u017c dzi\u015b i skorzystaj z korzy\u015bci, jakie zapewnia Twojej firmie! <\/p>\n<\/div>\n","protected":false},"excerpt":{"rendered":"<p><strong>Modu\u0142 Banner in Product Listing dla ImageCMS<\/strong> to skuteczne narz\u0119dzie do przyci\u0105gania uwagi klient\u00f3w i zwi\u0119kszania sprzeda\u017cy. Dodaj banery do kafelk\u00f3w produkt\u00f3w, ustaw ich pozycje i ukierunkowane linki do stron kategorii, produkt\u00f3w lub promocji. Proste zarz\u0105dzanie i wbudowane statystyki klikni\u0119\u0107 pozwalaj\u0105 szybko oceni\u0107 skuteczno\u015b\u0107 ka\u017cdego banera. Zwi\u0119ksz konwersje i popraw do\u015bwiadczenia u\u017cytkownik\u00f3w dzi\u0119ki naszemu modu\u0142owi ju\u017c dzi\u015b!   <\/p>\n","protected":false},"featured_media":809,"comment_status":"open","ping_status":"closed","template":"","meta":[],"product_brand":[],"product_cat":[97],"product_tag":[],"class_list":{"0":"post-1467","1":"product","2":"type-product","3":"status-publish","4":"has-post-thumbnail","6":"product_cat-moduly-imagecms-od-wersji-4-6-do-4-12-1","8":"first","9":"instock","10":"purchasable","11":"product-type-simple"},"_links":{"self":[{"href":"https:\/\/artexgroup.org\/pl\/wp-json\/wp\/v2\/product\/1467","targetHints":{"allow":["GET"]}}],"collection":[{"href":"https:\/\/artexgroup.org\/pl\/wp-json\/wp\/v2\/product"}],"about":[{"href":"https:\/\/artexgroup.org\/pl\/wp-json\/wp\/v2\/types\/product"}],"replies":[{"embeddable":true,"href":"https:\/\/artexgroup.org\/pl\/wp-json\/wp\/v2\/comments?post=1467"}],"wp:featuredmedia":[{"embeddable":true,"href":"https:\/\/artexgroup.org\/pl\/wp-json\/wp\/v2\/media\/809"}],"wp:attachment":[{"href":"https:\/\/artexgroup.org\/pl\/wp-json\/wp\/v2\/media?parent=1467"}],"wp:term":[{"taxonomy":"product_brand","embeddable":true,"href":"https:\/\/artexgroup.org\/pl\/wp-json\/wp\/v2\/product_brand?post=1467"},{"taxonomy":"product_cat","embeddable":true,"href":"https:\/\/artexgroup.org\/pl\/wp-json\/wp\/v2\/product_cat?post=1467"},{"taxonomy":"product_tag","embeddable":true,"href":"https:\/\/artexgroup.org\/pl\/wp-json\/wp\/v2\/product_tag?post=1467"}],"curies":[{"name":"wp","href":"https:\/\/api.w.org\/{rel}","templated":true}]}}