{"id":1470,"date":"2024-01-21T16:45:36","date_gmt":"2024-01-21T14:45:36","guid":{"rendered":"https:\/\/artexgroup.org\/product\/system-platnosci-liqpay-dla-imagecms\/"},"modified":"2024-01-21T16:45:36","modified_gmt":"2024-01-21T14:45:36","slug":"system-platnosci-liqpay-dla-imagecms","status":"publish","type":"product","link":"https:\/\/artexgroup.org\/pl\/produkt\/system-platnosci-liqpay-dla-imagecms\/","title":{"rendered":"System p\u0142atno\u015bci LiqPay dla ImageCMS"},"content":{"rendered":"<div class=\"module-description\">\n<h1>Modu\u0142 p\u0142atno\u015bci online za po\u015brednictwem LiqPay dla ImageCMS<\/h1>\n<p>Szukasz wygodnego sposobu na zintegrowanie p\u0142atno\u015bci online ze swoj\u0105 witryn\u0105 <strong>ImageCMS<\/strong>? Modu\u0142 LiqPay to idealne rozwi\u0105zanie do szybkich, bezpiecznych i \u0142atwych transakcji. Umo\u017cliwia on przyjmowanie p\u0142atno\u015bci od klient\u00f3w z ca\u0142ego \u015bwiata w ci\u0105gu kilku sekund, co znacznie upraszcza proces zakupu i zwi\u0119ksza poziom zadowolenia klient\u00f3w.  <\/p>\n<h2>Cechy modu\u0142u<\/h2>\n<ul>\n<li><strong>\u0141atwa integracja:<\/strong> modu\u0142 jest \u0142atwy w instalacji i konfiguracji bez konieczno\u015bci posiadania dog\u0142\u0119bnej wiedzy technicznej.<\/li>\n<li><strong>Bezpiecze\u0144stwo transakcji:<\/strong> wykorzystanie nowoczesnych protoko\u0142\u00f3w ochrony danych zapewnia wysoki poziom bezpiecze\u0144stwa dla Ciebie i Twoich klient\u00f3w.<\/li>\n<li><strong>Elastyczno\u015b\u0107 w pracy z r\u00f3\u017cnymi walutami:<\/strong> przyjmowanie p\u0142atno\u015bci w hrywnach, dolarach, euro i innych walutach.<\/li>\n<li><strong>Optymalizacja mobilna:<\/strong> modu\u0142 jest dostosowany do poprawnego dzia\u0142ania na wszystkich urz\u0105dzeniach, w tym smartfonach i tabletach.<\/li>\n<\/ul>\n<h2>Dlaczego warto wybra\u0107 LiqPay?<\/h2>\n<p>Jest to jedna z najpopularniejszych us\u0142ug p\u0142atniczych w Ukrainie, zapewniaj\u0105ca wygod\u0119 i szybko\u015b\u0107 podczas dokonywania p\u0142atno\u015bci online. Oto kilka powod\u00f3w, dla kt\u00f3rych ta us\u0142uga jest idealna dla Twojej firmy: <\/p>\n<ul>\n<li>Szybkie przetwarzanie p\u0142atno\u015bci w czasie rzeczywistym.<\/li>\n<li>Mo\u017cliwo\u015b\u0107 ustawienia regularnych p\u0142atno\u015bci.<\/li>\n<li>Obs\u0142uguje karty Visa, MasterCard, a tak\u017ce Apple Pay i Google Pay.<\/li>\n<\/ul>\n<h2>Zalety integracji modu\u0142u z ImageCMS<\/h2>\n<p>Integracja modu\u0142u LiqPay z witryn\u0105 <strong>opart\u0105 na ImageCMS<\/strong> pozwala na: <\/p>\n<ul>\n<li><strong>Zwi\u0119kszenie konwersji:<\/strong> dzi\u0119ki przyjaznemu dla u\u017cytkownika interfejsowi klienci b\u0119d\u0105 mniej sk\u0142onni do p\u0142acenia.<\/li>\n<li><strong>Zwi\u0119kszenie zaufania do marki:<\/strong> posiadanie niezawodnego systemu p\u0142atno\u015bci daje klientom pewno\u015b\u0107.<\/li>\n<li><strong>Oszcz\u0119dno\u015b\u0107 czasu:<\/strong> automatyzacja procesu p\u0142atno\u015bci znacznie zmniejsza potrzeb\u0119 r\u0119cznego przetwarzania zam\u00f3wie\u0144.<\/li>\n<\/ul>\n<h2>Jak zainstalowa\u0107 modu\u0142?<\/h2>\n<p>Proces instalacji modu\u0142u jest tak prosty, jak to tylko mo\u017cliwe:<\/p>\n<ol>\n<li>Zap\u0142a\u0107 za modu\u0142 na naszej stronie internetowej.<\/li>\n<li>Zainstaluj go za po\u015brednictwem panelu administracyjnego ImageCMS.<\/li>\n<li>Wprowad\u017a klucze API i tajny klucz podane na koncie LiqPay.<\/li>\n<li>Dostosuj ustawienia do swoich potrzeb.<\/li>\n<\/ol>\n<p>To wszystko, modu\u0142 jest gotowy do u\u017cycia!<\/p>\n<h2>Przemy\u015blenia ko\u0144cowe<\/h2>\n<p>Modu\u0142 LiqPay dla ImageCMS to skuteczne narz\u0119dzie dla tych, kt\u00f3rzy chc\u0105 zapewni\u0107 swoim klientom wygodne i bezpieczne p\u0142atno\u015bci. Ze wzgl\u0119du na \u0142atwo\u015b\u0107 integracji, szerok\u0105 funkcjonalno\u015b\u0107 i wysoki poziom bezpiecze\u0144stwa, modu\u0142 ten stanie si\u0119 nieodzownym elementem Twojej strony internetowej. Nie tra\u0107 klient\u00f3w z powodu niewygodnych metod p\u0142atno\u015bci! Zintegruj <strong>modu\u0142 LiqPay<\/strong> ju\u017c dzi\u015b i ciesz si\u0119 wszystkimi zaletami nowoczesnych rozwi\u0105za\u0144 p\u0142atniczych. <\/p>\n<\/div>\n<p>&nbsp;<\/p>\n","protected":false},"excerpt":{"rendered":"<p>Sta\u0142y <strong>modu\u0142 p\u0142atno\u015bci online za po\u015brednictwem LiqPay<\/strong> do organizowania p\u0142atno\u015bci online w Twoim sklepie. Szukasz wygodnego sposobu na zintegrowanie p\u0142atno\u015bci online z witryn\u0105 <strong>ImageCMS<\/strong>? Modu\u0142 LiqPay to idealne rozwi\u0105zanie dla szybkich, bezpiecznych i \u0142atwych transakcji. Pozwala on na przyjmowanie p\u0142atno\u015bci od klient\u00f3w z ca\u0142ego \u015bwiata w ci\u0105gu kilku sekund, co znacznie upraszcza proces zakupowy i zwi\u0119ksza poziom satysfakcji Twoich klient\u00f3w.<\/p>\n","protected":false},"featured_media":1320,"comment_status":"open","ping_status":"closed","template":"","meta":[],"product_brand":[],"product_cat":[97],"product_tag":[101],"class_list":{"0":"post-1470","1":"product","2":"type-product","3":"status-publish","4":"has-post-thumbnail","6":"product_cat-moduly-imagecms-od-wersji-4-6-do-4-12-1","7":"product_tag-moduly-platnosci-imagecms","9":"first","10":"instock","11":"purchasable","12":"product-type-simple"},"_links":{"self":[{"href":"https:\/\/artexgroup.org\/pl\/wp-json\/wp\/v2\/product\/1470","targetHints":{"allow":["GET"]}}],"collection":[{"href":"https:\/\/artexgroup.org\/pl\/wp-json\/wp\/v2\/product"}],"about":[{"href":"https:\/\/artexgroup.org\/pl\/wp-json\/wp\/v2\/types\/product"}],"replies":[{"embeddable":true,"href":"https:\/\/artexgroup.org\/pl\/wp-json\/wp\/v2\/comments?post=1470"}],"wp:featuredmedia":[{"embeddable":true,"href":"https:\/\/artexgroup.org\/pl\/wp-json\/wp\/v2\/media\/1320"}],"wp:attachment":[{"href":"https:\/\/artexgroup.org\/pl\/wp-json\/wp\/v2\/media?parent=1470"}],"wp:term":[{"taxonomy":"product_brand","embeddable":true,"href":"https:\/\/artexgroup.org\/pl\/wp-json\/wp\/v2\/product_brand?post=1470"},{"taxonomy":"product_cat","embeddable":true,"href":"https:\/\/artexgroup.org\/pl\/wp-json\/wp\/v2\/product_cat?post=1470"},{"taxonomy":"product_tag","embeddable":true,"href":"https:\/\/artexgroup.org\/pl\/wp-json\/wp\/v2\/product_tag?post=1470"}],"curies":[{"name":"wp","href":"https:\/\/api.w.org\/{rel}","templated":true}]}}