{"id":1475,"date":"2024-01-21T16:36:25","date_gmt":"2024-01-21T14:36:25","guid":{"rendered":"https:\/\/artexgroup.org\/product\/imagecms-nowy-modul-poczty-pro\/"},"modified":"2024-01-21T16:36:25","modified_gmt":"2024-01-21T14:36:25","slug":"imagecms-nowy-modul-poczty-pro","status":"publish","type":"product","link":"https:\/\/artexgroup.org\/pl\/produkt\/imagecms-nowy-modul-poczty-pro\/","title":{"rendered":"ImageCMS Nowy modu\u0142 poczty (Pro)"},"content":{"rendered":"<div class=\"module-description\">\n<h1>Modu\u0142 ImageCMS New Mail (Pro)<\/h1>\n<p><strong>Ten modu\u0142 dla ImageCMS<\/strong> to idealne rozwi\u0105zanie dla sklep\u00f3w internetowych, kt\u00f3re chc\u0105 maksymalnie upro\u015bci\u0107 proces dostarczania towar\u00f3w. Integracja z us\u0142ug\u0105 <strong> Nova Poshta<\/strong> pozwala zautomatyzowa\u0107 ca\u0142y cykl pracy z przesy\u0142kami, od z\u0142o\u017cenia zam\u00f3wienia po tworzenie faktur, bezpo\u015brednio w panelu administracyjnym sklepu. <\/p>\n<h2>Kluczowe mo\u017cliwo\u015bci<\/h2>\n<ul>\n<li><strong>Automatyczne przesy\u0142anie danych:<\/strong> Listy miast i oddzia\u0142\u00f3w s\u0105 automatycznie aktualizowane za po\u015brednictwem interfejsu API.<\/li>\n<li><strong>Tworzenie faktur:<\/strong> Tworzenie dokument\u00f3w do wys\u0142ania bezpo\u015brednio z panelu administracyjnego.<\/li>\n<li><strong>Wsparcie dla aktualnych wersji ImageCMS:<\/strong> Kompatybilno\u015b\u0107 z wersjami od 4.4.2 do 4.12.1.<\/li>\n<li><strong>Wsparcie techniczne:<\/strong> Bezp\u0142atna pomoc w przypadku problem\u00f3w z modu\u0142em.<\/li>\n<\/ul>\n<h2>Jak dzia\u0142a modu\u0142?<\/h2>\n<ol>\n<li>Klient wybiera towar i sk\u0142ada zam\u00f3wienie.<\/li>\n<li>Okre\u015bla miasto, kt\u00f3re jest \u0142adowane z listy za po\u015brednictwem interfejsu API.<\/li>\n<li>Wybiera dogodny oddzia\u0142 do odbioru paczki (lista jest zawsze aktualna, poniewa\u017c jest pobierana przez API).<\/li>\n<li>Zam\u00f3wienie jest gotowe do realizacji &#8211; utw\u00f3rz faktur\u0119 i wy\u015blij towar!<\/li>\n<\/ol>\n<h2>Zalety u\u017cytkowania<\/h2>\n<ul>\n<li><strong>Szybka realizacja transakcji:<\/strong> Klienci mog\u0105 \u0142atwo wybra\u0107 lokalizacj\u0119 dostawy dzi\u0119ki zautomatyzowanym listom.<\/li>\n<li><strong>Oszcz\u0119dno\u015b\u0107 czasu:<\/strong> Mened\u017cerowie sklep\u00f3w tworz\u0105 faktury bezpo\u015brednio z panelu administracyjnego bez \u017cadnych dodatkowych dzia\u0142a\u0144 na koncie Nova Poshta.<\/li>\n<li><strong>Zwi\u0119kszona wydajno\u015b\u0107:<\/strong> Automatyzacja proces\u00f3w minimalizuje b\u0142\u0119dy ludzkie i przyspiesza operacje w sklepie.<\/li>\n<\/ul>\n<h2>Instalacja i wsparcie<\/h2>\n<p>Instalacja <strong>modu\u0142u<\/strong> jest ca\u0142kowicie bezp\u0142atna. W przypadku problem\u00f3w technicznych nasz zesp\u00f3\u0142 zapewni terminowe i profesjonalne wsparcie. <\/p>\n<h2>Wnioski<\/h2>\n<p><strong>Modu\u0142 Nova Poshta (Pro)<\/strong> to niezawodne i funkcjonalne narz\u0119dzie, kt\u00f3re sprawi, \u017ce proces dostawy b\u0119dzie szybszy i wygodniejszy zar\u00f3wno dla Ciebie, jak i Twoich klient\u00f3w. Zwi\u0119ksz wydajno\u015b\u0107 swojego sklepu i zapewnij doskona\u0142\u0105 obs\u0142ug\u0119 dzi\u0119ki temu modu\u0142owi. Zam\u00f3w modu\u0142 ju\u017c dzi\u015b i skorzystaj ze wszystkich zalet nowoczesnej automatyzacji dostaw! <\/p>\n<\/div>\n","protected":false},"excerpt":{"rendered":"<p><strong>Modu\u0142 Nova Poshta (Pro)<\/strong> dla <strong>ImageCMS <\/strong>&#8211; automatyzacja dostaw dla Twojego sklepu internetowego. Sk\u0142adaj zam\u00f3wienia, tw\u00f3rz faktury i obliczaj koszty dostawy bezpo\u015brednio na stronie. Prostota, szybko\u015b\u0107 i darmowa instalacja!  <\/p>\n","protected":false},"featured_media":723,"comment_status":"open","ping_status":"closed","template":"","meta":[],"product_brand":[],"product_cat":[44],"product_tag":[128],"class_list":{"0":"post-1475","1":"product","2":"type-product","3":"status-publish","4":"has-post-thumbnail","6":"product_cat-imagecms-modules","7":"product_tag-sposoby-dostavky","9":"first","10":"instock","11":"purchasable","12":"product-type-simple"},"_links":{"self":[{"href":"https:\/\/artexgroup.org\/pl\/wp-json\/wp\/v2\/product\/1475","targetHints":{"allow":["GET"]}}],"collection":[{"href":"https:\/\/artexgroup.org\/pl\/wp-json\/wp\/v2\/product"}],"about":[{"href":"https:\/\/artexgroup.org\/pl\/wp-json\/wp\/v2\/types\/product"}],"replies":[{"embeddable":true,"href":"https:\/\/artexgroup.org\/pl\/wp-json\/wp\/v2\/comments?post=1475"}],"wp:featuredmedia":[{"embeddable":true,"href":"https:\/\/artexgroup.org\/pl\/wp-json\/wp\/v2\/media\/723"}],"wp:attachment":[{"href":"https:\/\/artexgroup.org\/pl\/wp-json\/wp\/v2\/media?parent=1475"}],"wp:term":[{"taxonomy":"product_brand","embeddable":true,"href":"https:\/\/artexgroup.org\/pl\/wp-json\/wp\/v2\/product_brand?post=1475"},{"taxonomy":"product_cat","embeddable":true,"href":"https:\/\/artexgroup.org\/pl\/wp-json\/wp\/v2\/product_cat?post=1475"},{"taxonomy":"product_tag","embeddable":true,"href":"https:\/\/artexgroup.org\/pl\/wp-json\/wp\/v2\/product_tag?post=1475"}],"curies":[{"name":"wp","href":"https:\/\/api.w.org\/{rel}","templated":true}]}}