{"id":1838,"date":"2024-01-21T16:45:36","date_gmt":"2024-01-21T14:45:36","guid":{"rendered":"https:\/\/artexgroup.org\/product\/zautomatyzowany-modul-zadania-recenzji-dla-imagecms\/"},"modified":"2024-01-21T16:45:36","modified_gmt":"2024-01-21T14:45:36","slug":"zautomatyzowany-modul-zadania-recenzji-dla-imagecms","status":"publish","type":"product","link":"https:\/\/artexgroup.org\/pl\/produkt\/zautomatyzowany-modul-zadania-recenzji-dla-imagecms\/","title":{"rendered":"Zautomatyzowany modu\u0142 \u017c\u0105dania recenzji dla ImageCMS"},"content":{"rendered":"<p>Zwi\u0119ksz zaanga\u017cowanie swoich klient\u00f3w dzi\u0119ki naszemu modu\u0142owi automatycznych pr\u00f3\u015bb o opinie, kt\u00f3ry zosta\u0142 specjalnie zaprojektowany dla ImageCMS. To niezb\u0119dne narz\u0119dzie automatycznie wysy\u0142a codzienne wiadomo\u015bci e-mail do klient\u00f3w z pro\u015bb\u0105 o pozostawienie opinii na temat zakupionych produkt\u00f3w. Jest to \u0142atwy spos\u00f3b na przypomnienie im o swoim sklepie, zwi\u0119kszaj\u0105c satysfakcj\u0119 i lojalno\u015b\u0107 klient\u00f3w.  <\/p>\n<p><strong>G\u0142\u00f3wne funkcje:<\/strong><\/p>\n<ul>\n<li><strong>Automatyczny start:<\/strong> Wystarczy raz skonfigurowa\u0107, a modu\u0142 b\u0119dzie dzia\u0142a\u0142 samodzielnie ka\u017cdego dnia.<\/li>\n<li><strong>Powtarzaj\u0105ce si\u0119 zaanga\u017cowanie klient\u00f3w:<\/strong> Zach\u0119ca klient\u00f3w do dzielenia si\u0119 swoimi do\u015bwiadczeniami, przypominaj\u0105c im o Twoim sklepie.<\/li>\n<li><strong>Zwi\u0119kszenie widoczno\u015bci:<\/strong> Opinie klient\u00f3w mog\u0105 znacznie poprawi\u0107 widoczno\u015b\u0107 produktu i uczyni\u0107 go bardziej atrakcyjnym dla potencjalnych nabywc\u00f3w.<\/li>\n<\/ul>\n<p><strong>Dlaczego warto wybra\u0107 ten modu\u0142?<\/strong><\/p>\n<ul>\n<li><strong>Ulepszona strategia marketingowa:<\/strong> Wykorzystaj tre\u015bci generowane przez u\u017cytkownik\u00f3w do budowania zaufania i autentyczno\u015bci wok\u00f3\u0142 swoich produkt\u00f3w.<\/li>\n<li><strong>Zwi\u0119kszenie ruchu:<\/strong> Pozytywne recenzje mog\u0105 poprawi\u0107 rankingi SEO i zwi\u0119kszy\u0107 ruch w sklepie.<\/li>\n<li><strong>Otrzymuj opinie klient\u00f3w:<\/strong> Uzyskaj cenne informacje zwrotne, aby ulepszy\u0107 swoje produkty i obs\u0142ug\u0119 klienta.<\/li>\n<\/ul>\n<p><strong>Zoptymalizowany dla ImageCMS:<\/strong> Bezproblemowa integracja z platform\u0105 ImageCMS, bezp\u0142atna us\u0142uga instalacji. <strong>Zacznij ju\u017c dzi\u015b:<\/strong> Zaimplementuj modu\u0142 automatycznych wniosk\u00f3w o recenzj\u0119 i zamie\u0144 do\u015bwiadczenia zakupowe swoich klient\u00f3w w pot\u0119\u017cne narz\u0119dzie marketingowe.<\/p>\n","protected":false},"excerpt":{"rendered":"<p>Zwi\u0119ksz zaanga\u017cowanie swoich klient\u00f3w dzi\u0119ki naszemu modu\u0142owi automatycznych pr\u00f3\u015bb o opinie, kt\u00f3ry zosta\u0142 specjalnie zaprojektowany dla ImageCMS. To niezb\u0119dne narz\u0119dzie automatycznie wysy\u0142a codzienne wiadomo\u015bci e-mail do klient\u00f3w z pro\u015bb\u0105 o pozostawienie opinii na temat zakupionych produkt\u00f3w. Jest to \u0142atwy spos\u00f3b na przypomnienie im o swoim sklepie, zwi\u0119kszaj\u0105c satysfakcj\u0119 i lojalno\u015b\u0107 klient\u00f3w.  <\/p>\n","protected":false},"featured_media":817,"comment_status":"open","ping_status":"closed","template":"","meta":[],"product_brand":[],"product_cat":[97],"product_tag":[],"class_list":{"0":"post-1838","1":"product","2":"type-product","3":"status-publish","4":"has-post-thumbnail","6":"product_cat-moduly-imagecms-od-wersji-4-6-do-4-12-1","8":"first","9":"instock","10":"purchasable","11":"product-type-simple"},"_links":{"self":[{"href":"https:\/\/artexgroup.org\/pl\/wp-json\/wp\/v2\/product\/1838","targetHints":{"allow":["GET"]}}],"collection":[{"href":"https:\/\/artexgroup.org\/pl\/wp-json\/wp\/v2\/product"}],"about":[{"href":"https:\/\/artexgroup.org\/pl\/wp-json\/wp\/v2\/types\/product"}],"replies":[{"embeddable":true,"href":"https:\/\/artexgroup.org\/pl\/wp-json\/wp\/v2\/comments?post=1838"}],"wp:featuredmedia":[{"embeddable":true,"href":"https:\/\/artexgroup.org\/pl\/wp-json\/wp\/v2\/media\/817"}],"wp:attachment":[{"href":"https:\/\/artexgroup.org\/pl\/wp-json\/wp\/v2\/media?parent=1838"}],"wp:term":[{"taxonomy":"product_brand","embeddable":true,"href":"https:\/\/artexgroup.org\/pl\/wp-json\/wp\/v2\/product_brand?post=1838"},{"taxonomy":"product_cat","embeddable":true,"href":"https:\/\/artexgroup.org\/pl\/wp-json\/wp\/v2\/product_cat?post=1838"},{"taxonomy":"product_tag","embeddable":true,"href":"https:\/\/artexgroup.org\/pl\/wp-json\/wp\/v2\/product_tag?post=1838"}],"curies":[{"name":"wp","href":"https:\/\/api.w.org\/{rel}","templated":true}]}}